{"id":101587,"date":"2024-05-07T12:12:22","date_gmt":"2024-05-07T10:12:22","guid":{"rendered":"https:\/\/capellisport.eu\/capelli-sport-fuer-meinen-verein\/"},"modified":"2024-05-07T12:12:23","modified_gmt":"2024-05-07T10:12:23","slug":"capelli-sport-fuer-meinen-verein","status":"publish","type":"page","link":"https:\/\/capellisport.eu\/de\/capelli-sport-fuer-meinen-verein\/","title":{"rendered":"Capelli Sport f\u00fcr meinen Verein"},"content":{"rendered":"<div class=\"wpb-content-wrapper\"><p>[vc_row][vc_column][vc_column_text]<\/p>\n<h2><\/h2>\n<h2><\/h2>\n<h2 style=\"text-align: center;\">Capelli Sport f\u00fcr meinen Verein<\/h2>\n<p>[\/vc_column_text][vc_column_text]<\/p>\n<h4><strong>Teamwear direkt vom Hersteller zu Top-Konditionen<\/strong><\/h4>\n<p>Top-Ausr\u00fcstung f\u00fcr das n\u00e4chste Spiel: Ob Trikots, Trainingshosen oder Trinkflaschen. Wir statten Ihren Verein von Kopf bis Fu\u00df mit ma\u00dfgeschneiderter Teamwear aus.<\/p>\n<p>&nbsp;<\/p>\n<h5><strong>6 Vorteile, die Sie bei uns erwarten:<\/strong><\/h5>\n<p>&nbsp;<\/p>\n<ul>\n<li>Sportartikel direkt vom Hersteller zu Top-Konditionen.<\/li>\n<li>Schnelle und zuverl\u00e4ssige Produktion und Lieferung.<\/li>\n<li>Spitzenqualit\u00e4t mit unschlagbarer Funktionalit\u00e4t.<\/li>\n<li>Hochwertiger Hausdruck und Textilveredelung.<\/li>\n<li>Individuelle Gestaltung von Teamkleidung und Ausr\u00fcstung.<\/li>\n<li>Mehr als 30 Jahre Erfahrung in der Textilverarbeitung.<\/li>\n<\/ul>\n<p>Mehr als 800 Teams vertrauen auf Teambekleidung von Capelli Sport![\/vc_column_text][vc_separator][vc_column_text]<\/p>\n<h2>Kontaktieren Sie uns<\/h2>\n<p>[\/vc_column_text][\/vc_column][\/vc_row]<div class=\"wpforms-container wpforms-container-full wpforms-render-modern\" id=\"wpforms-96299\"><form id=\"wpforms-form-96299\" class=\"wpforms-validate wpforms-form wpforms-ajax-form\" data-formid=\"96299\" method=\"post\" enctype=\"multipart\/form-data\" action=\"\/de\/wp-json\/wp\/v2\/pages\/101587\" data-token=\"3ee7adee855ad037dbf09a0c66ab9448\" data-token-time=\"1776592828\"><noscript class=\"wpforms-error-noscript\">Bitte aktiviere JavaScript in deinem Browser, um dieses Formular fertigzustellen.<\/noscript><div class=\"wpforms-hidden\" id=\"wpforms-error-noscript\">Bitte aktiviere JavaScript in deinem Browser, um dieses Formular fertigzustellen.<\/div><div class=\"wpforms-field-container\"><div id=\"wpforms-96299-field_0-container\" class=\"wpforms-field wpforms-field-name\" data-field-id=\"0\"><fieldset><legend class=\"wpforms-field-label\">Name <span class=\"wpforms-required-label\" aria-hidden=\"true\">*<\/span><\/legend><div class=\"wpforms-field-row wpforms-field-medium\"><div class=\"wpforms-field-row-block wpforms-first wpforms-one-half\"><input type=\"text\" id=\"wpforms-96299-field_0\" class=\"wpforms-field-name-first wpforms-field-required\" name=\"wpforms[fields][0][first]\" aria-errormessage=\"wpforms-96299-field_0-error\" required><label for=\"wpforms-96299-field_0\" class=\"wpforms-field-sublabel after\">Vorname<\/label><\/div><div class=\"wpforms-field-row-block wpforms-one-half\"><input type=\"text\" id=\"wpforms-96299-field_0-last\" class=\"wpforms-field-name-last wpforms-field-required\" name=\"wpforms[fields][0][last]\" aria-errormessage=\"wpforms-96299-field_0-last-error\" required><label for=\"wpforms-96299-field_0-last\" class=\"wpforms-field-sublabel after\">Nachname<\/label><\/div><\/div><\/fieldset><\/div>\t\t<div id=\"wpforms-96299-field_3-container\"\n\t\t\tclass=\"wpforms-field wpforms-field-text\"\n\t\t\tdata-field-type=\"text\"\n\t\t\tdata-field-id=\"3\"\n\t\t\t>\n\t\t\t<label class=\"wpforms-field-label\" for=\"wpforms-96299-field_3\" >Sport Name Name<\/label>\n\t\t\t<input type=\"text\" id=\"wpforms-96299-field_3\" class=\"wpforms-field-medium\" name=\"wpforms[fields][3]\" >\n\t\t<\/div>\n\t\t<div id=\"wpforms-96299-field_1-container\" class=\"wpforms-field wpforms-field-email\" data-field-id=\"1\"><label class=\"wpforms-field-label\" for=\"wpforms-96299-field_1\">Email <span class=\"wpforms-required-label\" aria-hidden=\"true\">*<\/span><\/label><input type=\"email\" id=\"wpforms-96299-field_1\" class=\"wpforms-field-medium wpforms-field-required\" name=\"wpforms[fields][1]\" spellcheck=\"false\" aria-errormessage=\"wpforms-96299-field_1-error\" required><\/div><div id=\"wpforms-96299-field_4-container\" class=\"wpforms-field wpforms-field-text\" data-field-id=\"4\"><label class=\"wpforms-field-label\" for=\"wpforms-96299-field_4\">Phone <span class=\"wpforms-required-label\" aria-hidden=\"true\">*<\/span><\/label><input type=\"text\" id=\"wpforms-96299-field_4\" class=\"wpforms-field-medium wpforms-field-required\" name=\"wpforms[fields][4]\" aria-errormessage=\"wpforms-96299-field_4-error\" required><\/div><div id=\"wpforms-96299-field_5-container\" class=\"wpforms-field wpforms-field-text\" data-field-id=\"5\"><label class=\"wpforms-field-label\" for=\"wpforms-96299-field_5\">Club Name <span class=\"wpforms-required-label\" aria-hidden=\"true\">*<\/span><\/label><input type=\"text\" id=\"wpforms-96299-field_5\" class=\"wpforms-field-medium wpforms-field-required\" name=\"wpforms[fields][5]\" aria-errormessage=\"wpforms-96299-field_5-error\" required><\/div><div id=\"wpforms-96299-field_21-container\" class=\"wpforms-field wpforms-field-text\" data-field-id=\"21\"><label class=\"wpforms-field-label\" for=\"wpforms-96299-field_21\">City<\/label><input type=\"text\" id=\"wpforms-96299-field_21\" class=\"wpforms-field-small\" name=\"wpforms[fields][21]\" aria-errormessage=\"wpforms-96299-field_21-error\" ><\/div><div id=\"wpforms-96299-field_23-container\" class=\"wpforms-field wpforms-field-number\" data-field-id=\"23\"><label class=\"wpforms-field-label\" for=\"wpforms-96299-field_23\"> Postal code<\/label><input type=\"number\" id=\"wpforms-96299-field_23\" class=\"wpforms-field-small\" name=\"wpforms[fields][23]\" step=\"any\" aria-errormessage=\"wpforms-96299-field_23-error\" ><\/div><div id=\"wpforms-96299-field_7-container\" class=\"wpforms-field wpforms-field-select wpforms-field-select-style-classic\" data-field-id=\"7\"><label class=\"wpforms-field-label\" for=\"wpforms-96299-field_7\">Sport <\/label><select id=\"wpforms-96299-field_7\" class=\"wpforms-field-medium\" name=\"wpforms[fields][7]\"><option value=\"Soccer\" >Soccer<\/option><option value=\"Volleyball\" >Volleyball<\/option><option value=\"Handball\" >Handball<\/option><option value=\"Basketball\" >Basketball<\/option><option value=\"Tennis\" >Tennis<\/option><option value=\"Other\" >Other<\/option><\/select><\/div><div id=\"wpforms-96299-field_8-container\" class=\"wpforms-field wpforms-field-select wpforms-field-select-style-classic\" data-field-id=\"8\"><label class=\"wpforms-field-label\" for=\"wpforms-96299-field_8\">Interested in <span class=\"wpforms-required-label\" aria-hidden=\"true\">*<\/span><\/label><select id=\"wpforms-96299-field_8\" class=\"wpforms-field-medium wpforms-field-required\" name=\"wpforms[fields][8]\" required=\"required\"><option value=\"Outfitter contract\" >Outfitter contract<\/option><option value=\"Teamwear\" >Teamwear<\/option><option value=\"Jerseys\" >Jerseys<\/option><option value=\"Soccer Equipment\" >Soccer Equipment<\/option><option value=\"Other\" >Other<\/option><\/select><\/div><div id=\"wpforms-96299-field_2-container\" class=\"wpforms-field wpforms-field-textarea\" data-field-id=\"2\"><label class=\"wpforms-field-label\" for=\"wpforms-96299-field_2\">Message <span class=\"wpforms-required-label\" aria-hidden=\"true\">*<\/span><\/label><textarea id=\"wpforms-96299-field_2\" class=\"wpforms-field-medium wpforms-field-required\" name=\"wpforms[fields][2]\" aria-errormessage=\"wpforms-96299-field_2-error\" required><\/textarea><\/div><script>\n\t\t\t\t( function() {\n\t\t\t\t\tconst style = document.createElement( 'style' );\n\t\t\t\t\tstyle.appendChild( document.createTextNode( '#wpforms-96299-field_3-container { position: absolute !important; overflow: hidden !important; display: inline !important; height: 1px !important; width: 1px !important; z-index: -1000 !important; padding: 0 !important; } #wpforms-96299-field_3-container input { visibility: hidden; } #wpforms-conversational-form-page #wpforms-96299-field_3-container label { counter-increment: none; }' ) );\n\t\t\t\t\tdocument.head.appendChild( style );\n\t\t\t\t\tdocument.currentScript?.remove();\n\t\t\t\t} )();\n\t\t\t<\/script><\/div><!-- .wpforms-field-container --><div class=\"wpforms-recaptcha-container wpforms-is-recaptcha wpforms-is-recaptcha-type-v2\" ><div class=\"g-recaptcha\" data-sitekey=\"6LffcwYqAAAAANDJStvJYX3S5qSbbP27lgzPhwMi\"><\/div><input type=\"text\" name=\"g-recaptcha-hidden\" class=\"wpforms-recaptcha-hidden\" style=\"position:absolute!important;clip:rect(0,0,0,0)!important;height:1px!important;width:1px!important;border:0!important;overflow:hidden!important;padding:0!important;margin:0!important;\" data-rule-recaptcha=\"1\"><\/div><div class=\"wpforms-submit-container\" ><input type=\"hidden\" name=\"wpforms[id]\" value=\"96299\"><input type=\"hidden\" name=\"page_title\" value=\"\"><input type=\"hidden\" name=\"page_url\" value=\"https:\/\/capellisport.eu\/de\/wp-json\/wp\/v2\/pages\/101587\"><input type=\"hidden\" name=\"url_referer\" value=\"\"><button type=\"submit\" name=\"wpforms[submit]\" id=\"wpforms-submit-96299\" class=\"wpforms-submit\" data-alt-text=\"Sending...\" data-submit-text=\"Submit\" aria-live=\"assertive\" value=\"wpforms-submit\">Submit<\/button><img loading=\"lazy\" decoding=\"async\" src=\"https:\/\/capellisport.eu\/wp-content\/plugins\/wpforms-lite\/assets\/images\/submit-spin.svg\" class=\"wpforms-submit-spinner\" style=\"display: none;\" width=\"26\" height=\"26\" alt=\"Wird geladen\"><\/div><\/form><\/div>  <!-- .wpforms-container --><\/p>\n<\/div>","protected":false},"excerpt":{"rendered":"<p>[vc_row][vc_column][vc_column_text] Capelli Sport f\u00fcr meinen Verein [\/vc_column_text][vc_column_text] Teamwear direkt vom Hersteller zu Top-Konditionen Top-Ausr\u00fcstung f\u00fcr das n\u00e4chste Spiel: Ob Trikots, Trainingshosen oder Trinkflaschen. Wir statten Ihren Verein von Kopf bis Fu\u00df mit ma\u00dfgeschneiderter Teamwear aus. &nbsp; 6 Vorteile, die Sie bei uns erwarten: &nbsp; Sportartikel direkt vom Hersteller zu Top-Konditionen. Schnelle und zuverl\u00e4ssige Produktion und &hellip; <\/p>\n<p class=\"link-more\"><a href=\"https:\/\/capellisport.eu\/de\/capelli-sport-fuer-meinen-verein\/\" class=\"more-link\"><span class=\"screen-reader-text\">\u201eCapelli Sport f\u00fcr meinen Verein\u201c<\/span> weiterlesen<\/a><\/p>\n","protected":false},"author":2015,"featured_media":0,"parent":0,"menu_order":0,"comment_status":"closed","ping_status":"closed","template":"","meta":{"_acf_changed":false,"footnotes":""},"class_list":["post-101587","page","type-page","status-publish","hentry"],"acf":[],"yoast_head":"<!-- This site is optimized with the Yoast SEO plugin v25.4 - https:\/\/yoast.com\/wordpress\/plugins\/seo\/ -->\n<title>Capelli Sport f\u00fcr meinen Verein - CAPELLI SPORT Europe<\/title>\n<meta name=\"robots\" content=\"index, follow, max-snippet:-1, max-image-preview:large, max-video-preview:-1\" \/>\n<link rel=\"canonical\" href=\"https:\/\/capellisport.eu\/de\/capelli-sport-fuer-meinen-verein\/\" \/>\n<meta property=\"og:locale\" content=\"de_DE\" \/>\n<meta property=\"og:type\" content=\"article\" \/>\n<meta property=\"og:title\" content=\"Capelli Sport f\u00fcr meinen Verein - CAPELLI SPORT Europe\" \/>\n<meta property=\"og:description\" content=\"[vc_row][vc_column][vc_column_text] Capelli Sport f\u00fcr meinen Verein [\/vc_column_text][vc_column_text] Teamwear direkt vom Hersteller zu Top-Konditionen Top-Ausr\u00fcstung f\u00fcr das n\u00e4chste Spiel: Ob Trikots, Trainingshosen oder Trinkflaschen. Wir statten Ihren Verein von Kopf bis Fu\u00df mit ma\u00dfgeschneiderter Teamwear aus. &nbsp; 6 Vorteile, die Sie bei uns erwarten: &nbsp; Sportartikel direkt vom Hersteller zu Top-Konditionen. Schnelle und zuverl\u00e4ssige Produktion und &hellip; \u201eCapelli Sport f\u00fcr meinen Verein\u201c weiterlesen\" \/>\n<meta property=\"og:url\" content=\"https:\/\/capellisport.eu\/de\/capelli-sport-fuer-meinen-verein\/\" \/>\n<meta property=\"og:site_name\" content=\"CAPELLI SPORT Europe\" \/>\n<meta property=\"article:modified_time\" content=\"2024-05-07T10:12:23+00:00\" \/>\n<meta name=\"twitter:card\" content=\"summary_large_image\" \/>\n<meta name=\"twitter:label1\" content=\"Gesch\u00e4tzte Lesezeit\" \/>\n\t<meta name=\"twitter:data1\" content=\"1\u00a0Minute\" \/>\n<script type=\"application\/ld+json\" class=\"yoast-schema-graph\">{\"@context\":\"https:\/\/schema.org\",\"@graph\":[{\"@type\":\"WebPage\",\"@id\":\"https:\/\/capellisport.eu\/de\/capelli-sport-fuer-meinen-verein\/\",\"url\":\"https:\/\/capellisport.eu\/de\/capelli-sport-fuer-meinen-verein\/\",\"name\":\"Capelli Sport f\u00fcr meinen Verein - CAPELLI SPORT Europe\",\"isPartOf\":{\"@id\":\"https:\/\/capellisport.eu\/#website\"},\"datePublished\":\"2024-05-07T10:12:22+00:00\",\"dateModified\":\"2024-05-07T10:12:23+00:00\",\"breadcrumb\":{\"@id\":\"https:\/\/capellisport.eu\/de\/capelli-sport-fuer-meinen-verein\/#breadcrumb\"},\"inLanguage\":\"de\",\"potentialAction\":[{\"@type\":\"ReadAction\",\"target\":[\"https:\/\/capellisport.eu\/de\/capelli-sport-fuer-meinen-verein\/\"]}]},{\"@type\":\"BreadcrumbList\",\"@id\":\"https:\/\/capellisport.eu\/de\/capelli-sport-fuer-meinen-verein\/#breadcrumb\",\"itemListElement\":[{\"@type\":\"ListItem\",\"position\":1,\"name\":\"Home\",\"item\":\"https:\/\/capellisport.eu\/de\/frontpage\/\"},{\"@type\":\"ListItem\",\"position\":2,\"name\":\"Capelli Sport f\u00fcr meinen Verein\"}]},{\"@type\":\"WebSite\",\"@id\":\"https:\/\/capellisport.eu\/#website\",\"url\":\"https:\/\/capellisport.eu\/\",\"name\":\"CAPELLI SPORT Europe\",\"description\":\"\",\"publisher\":{\"@id\":\"https:\/\/capellisport.eu\/#organization\"},\"potentialAction\":[{\"@type\":\"SearchAction\",\"target\":{\"@type\":\"EntryPoint\",\"urlTemplate\":\"https:\/\/capellisport.eu\/?s={search_term_string}\"},\"query-input\":{\"@type\":\"PropertyValueSpecification\",\"valueRequired\":true,\"valueName\":\"search_term_string\"}}],\"inLanguage\":\"de\"},{\"@type\":\"Organization\",\"@id\":\"https:\/\/capellisport.eu\/#organization\",\"name\":\"CAPELLI SPORT Europe\",\"url\":\"https:\/\/capellisport.eu\/\",\"logo\":{\"@type\":\"ImageObject\",\"inLanguage\":\"de\",\"@id\":\"https:\/\/capellisport.eu\/#\/schema\/logo\/image\/\",\"url\":\"https:\/\/capellisport.eu\/wp-content\/uploads\/2019\/08\/CAPELLI-SPORT_LOGO_schwarz-auf-weiss-01-scaled.jpg\",\"contentUrl\":\"https:\/\/capellisport.eu\/wp-content\/uploads\/2019\/08\/CAPELLI-SPORT_LOGO_schwarz-auf-weiss-01-scaled.jpg\",\"width\":2560,\"height\":1440,\"caption\":\"CAPELLI SPORT Europe\"},\"image\":{\"@id\":\"https:\/\/capellisport.eu\/#\/schema\/logo\/image\/\"}}]}<\/script>\n<!-- \/ Yoast SEO plugin. -->","yoast_head_json":{"title":"Capelli Sport f\u00fcr meinen Verein - CAPELLI SPORT Europe","robots":{"index":"index","follow":"follow","max-snippet":"max-snippet:-1","max-image-preview":"max-image-preview:large","max-video-preview":"max-video-preview:-1"},"canonical":"https:\/\/capellisport.eu\/de\/capelli-sport-fuer-meinen-verein\/","og_locale":"de_DE","og_type":"article","og_title":"Capelli Sport f\u00fcr meinen Verein - CAPELLI SPORT Europe","og_description":"[vc_row][vc_column][vc_column_text] Capelli Sport f\u00fcr meinen Verein [\/vc_column_text][vc_column_text] Teamwear direkt vom Hersteller zu Top-Konditionen Top-Ausr\u00fcstung f\u00fcr das n\u00e4chste Spiel: Ob Trikots, Trainingshosen oder Trinkflaschen. Wir statten Ihren Verein von Kopf bis Fu\u00df mit ma\u00dfgeschneiderter Teamwear aus. &nbsp; 6 Vorteile, die Sie bei uns erwarten: &nbsp; Sportartikel direkt vom Hersteller zu Top-Konditionen. Schnelle und zuverl\u00e4ssige Produktion und &hellip; \u201eCapelli Sport f\u00fcr meinen Verein\u201c weiterlesen","og_url":"https:\/\/capellisport.eu\/de\/capelli-sport-fuer-meinen-verein\/","og_site_name":"CAPELLI SPORT Europe","article_modified_time":"2024-05-07T10:12:23+00:00","twitter_card":"summary_large_image","twitter_misc":{"Gesch\u00e4tzte Lesezeit":"1\u00a0Minute"},"schema":{"@context":"https:\/\/schema.org","@graph":[{"@type":"WebPage","@id":"https:\/\/capellisport.eu\/de\/capelli-sport-fuer-meinen-verein\/","url":"https:\/\/capellisport.eu\/de\/capelli-sport-fuer-meinen-verein\/","name":"Capelli Sport f\u00fcr meinen Verein - CAPELLI SPORT Europe","isPartOf":{"@id":"https:\/\/capellisport.eu\/#website"},"datePublished":"2024-05-07T10:12:22+00:00","dateModified":"2024-05-07T10:12:23+00:00","breadcrumb":{"@id":"https:\/\/capellisport.eu\/de\/capelli-sport-fuer-meinen-verein\/#breadcrumb"},"inLanguage":"de","potentialAction":[{"@type":"ReadAction","target":["https:\/\/capellisport.eu\/de\/capelli-sport-fuer-meinen-verein\/"]}]},{"@type":"BreadcrumbList","@id":"https:\/\/capellisport.eu\/de\/capelli-sport-fuer-meinen-verein\/#breadcrumb","itemListElement":[{"@type":"ListItem","position":1,"name":"Home","item":"https:\/\/capellisport.eu\/de\/frontpage\/"},{"@type":"ListItem","position":2,"name":"Capelli Sport f\u00fcr meinen Verein"}]},{"@type":"WebSite","@id":"https:\/\/capellisport.eu\/#website","url":"https:\/\/capellisport.eu\/","name":"CAPELLI SPORT Europe","description":"","publisher":{"@id":"https:\/\/capellisport.eu\/#organization"},"potentialAction":[{"@type":"SearchAction","target":{"@type":"EntryPoint","urlTemplate":"https:\/\/capellisport.eu\/?s={search_term_string}"},"query-input":{"@type":"PropertyValueSpecification","valueRequired":true,"valueName":"search_term_string"}}],"inLanguage":"de"},{"@type":"Organization","@id":"https:\/\/capellisport.eu\/#organization","name":"CAPELLI SPORT Europe","url":"https:\/\/capellisport.eu\/","logo":{"@type":"ImageObject","inLanguage":"de","@id":"https:\/\/capellisport.eu\/#\/schema\/logo\/image\/","url":"https:\/\/capellisport.eu\/wp-content\/uploads\/2019\/08\/CAPELLI-SPORT_LOGO_schwarz-auf-weiss-01-scaled.jpg","contentUrl":"https:\/\/capellisport.eu\/wp-content\/uploads\/2019\/08\/CAPELLI-SPORT_LOGO_schwarz-auf-weiss-01-scaled.jpg","width":2560,"height":1440,"caption":"CAPELLI SPORT Europe"},"image":{"@id":"https:\/\/capellisport.eu\/#\/schema\/logo\/image\/"}}]}},"_links":{"self":[{"href":"https:\/\/capellisport.eu\/de\/wp-json\/wp\/v2\/pages\/101587","targetHints":{"allow":["GET"]}}],"collection":[{"href":"https:\/\/capellisport.eu\/de\/wp-json\/wp\/v2\/pages"}],"about":[{"href":"https:\/\/capellisport.eu\/de\/wp-json\/wp\/v2\/types\/page"}],"author":[{"embeddable":true,"href":"https:\/\/capellisport.eu\/de\/wp-json\/wp\/v2\/users\/2015"}],"replies":[{"embeddable":true,"href":"https:\/\/capellisport.eu\/de\/wp-json\/wp\/v2\/comments?post=101587"}],"version-history":[{"count":2,"href":"https:\/\/capellisport.eu\/de\/wp-json\/wp\/v2\/pages\/101587\/revisions"}],"predecessor-version":[{"id":101589,"href":"https:\/\/capellisport.eu\/de\/wp-json\/wp\/v2\/pages\/101587\/revisions\/101589"}],"wp:attachment":[{"href":"https:\/\/capellisport.eu\/de\/wp-json\/wp\/v2\/media?parent=101587"}],"curies":[{"name":"wp","href":"https:\/\/api.w.org\/{rel}","templated":true}]}}