{"id":116278,"date":"2025-04-23T10:04:11","date_gmt":"2025-04-23T08:04:11","guid":{"rendered":"https:\/\/capellisport.eu\/kontaktieren-sie-unseren-kundenservice\/"},"modified":"2025-04-23T10:16:25","modified_gmt":"2025-04-23T08:16:25","slug":"kontaktieren-sie-unseren-kundenservice","status":"publish","type":"page","link":"https:\/\/capellisport.eu\/de\/kontaktieren-sie-unseren-kundenservice\/","title":{"rendered":"Kontaktieren Sie unseren Kundenservice"},"content":{"rendered":"<div class=\"wpb-content-wrapper\"><p>[vc_row][vc_column][vc_single_image image=&#8220;78630&#8243; alignment=&#8220;center&#8220;][\/vc_column][\/vc_row][vc_row][vc_column][vc_column_text]<\/p>\n<p class=\"\" style=\"text-align: left; padding-left: 40px;\" data-start=\"49\" data-end=\"63\"><strong data-start=\"49\" data-end=\"63\">KONTAKTIERE UNS<\/strong><\/p>\n<p class=\"\" style=\"text-align: left; padding-left: 40px;\" data-start=\"65\" data-end=\"274\">Falls Sie Unterst\u00fctzung bei einer Bestellung ben\u00f6tigen, weitere Informationen zu einem Produkt suchen oder eine allgemeine Anfrage haben, f\u00fcllen Sie bitte dieses Formular aus. Unser Kundenservice-Team wird sich so schnell wie m\u00f6glich mit Ihnen in Verbindung setzen.<\/p>\n<p class=\"\" style=\"text-align: left; padding-left: 40px;\" data-start=\"276\" data-end=\"387\">Bitte geben Sie uns die zugeh\u00f6rige Auftrags- oder Rechnungsnummer an, wenn Sie uns bez\u00fcglich einer bereits aufgegebenen Bestellung kontaktieren.<\/p>\n<p>[\/vc_column_text][\/vc_column][\/vc_row][vc_row][vc_column][vc_separator][\/vc_column][\/vc_row][vc_row][vc_column]<div class=\"wpforms-container wpforms-container-full wpforms-render-modern\" id=\"wpforms-115912\"><form id=\"wpforms-form-115912\" class=\"wpforms-validate wpforms-form wpforms-ajax-form\" data-formid=\"115912\" method=\"post\" enctype=\"multipart\/form-data\" action=\"\/de\/wp-json\/wp\/v2\/pages\/116278\" data-token=\"7d0d7f5267b47d5b1fc5cf771e5963dc\" data-token-time=\"1777573067\"><noscript class=\"wpforms-error-noscript\">Bitte aktiviere JavaScript in deinem Browser, um dieses Formular fertigzustellen.<\/noscript><div class=\"wpforms-hidden\" id=\"wpforms-error-noscript\">Bitte aktiviere JavaScript in deinem Browser, um dieses Formular fertigzustellen.<\/div><div class=\"wpforms-field-container\"><div id=\"wpforms-115912-field_1-container\" class=\"wpforms-field wpforms-field-text\" data-field-id=\"1\"><label class=\"wpforms-field-label\" for=\"wpforms-115912-field_1\">Name  <span class=\"wpforms-required-label\" aria-hidden=\"true\">*<\/span><\/label><input type=\"text\" id=\"wpforms-115912-field_1\" class=\"wpforms-field-small wpforms-field-required\" name=\"wpforms[fields][1]\" aria-errormessage=\"wpforms-115912-field_1-error\" required><\/div>\t\t<div id=\"wpforms-115912-field_4-container\"\n\t\t\tclass=\"wpforms-field wpforms-field-text\"\n\t\t\tdata-field-type=\"text\"\n\t\t\tdata-field-id=\"4\"\n\t\t\t>\n\t\t\t<label class=\"wpforms-field-label\" for=\"wpforms-115912-field_4\" >Anliegen E-Mail-Adresse Name<\/label>\n\t\t\t<input type=\"text\" id=\"wpforms-115912-field_4\" class=\"wpforms-field-medium\" name=\"wpforms[fields][4]\" >\n\t\t<\/div>\n\t\t<div id=\"wpforms-115912-field_6-container\" class=\"wpforms-field wpforms-field-text\" data-field-id=\"6\"><label class=\"wpforms-field-label\" for=\"wpforms-115912-field_6\">Verein <span class=\"wpforms-required-label\" aria-hidden=\"true\">*<\/span><\/label><input type=\"text\" id=\"wpforms-115912-field_6\" class=\"wpforms-field-small wpforms-field-required\" name=\"wpforms[fields][6]\" aria-errormessage=\"wpforms-115912-field_6-error\" required><\/div><div id=\"wpforms-115912-field_2-container\" class=\"wpforms-field wpforms-field-text\" data-field-id=\"2\"><label class=\"wpforms-field-label\" for=\"wpforms-115912-field_2\">E-Mail-Adresse <span class=\"wpforms-required-label\" aria-hidden=\"true\">*<\/span><\/label><input type=\"text\" id=\"wpforms-115912-field_2\" class=\"wpforms-field-medium wpforms-field-required\" name=\"wpforms[fields][2]\" aria-errormessage=\"wpforms-115912-field_2-error\" required><\/div><div id=\"wpforms-115912-field_5-container\" class=\"wpforms-field wpforms-field-select wpforms-field-select-style-classic\" data-field-id=\"5\"><label class=\"wpforms-field-label\" for=\"wpforms-115912-field_5\">Anliegen ausw\u00e4hlen  <span class=\"wpforms-required-label\" aria-hidden=\"true\">*<\/span><\/label><select id=\"wpforms-115912-field_5\" class=\"wpforms-field-medium wpforms-field-required\" name=\"wpforms[fields][5]\" required=\"required\"><option value=\"Allgemeine Anfrage\"  selected='selected'>Allgemeine Anfrage<\/option><option value=\"Frage zu einer Bestellung\" >Frage zu einer Bestellung<\/option><option value=\"R\u00fcckgabe oder Umtausch\" >R\u00fcckgabe oder Umtausch<\/option><option value=\"Zahlungsproblem\" >Zahlungsproblem<\/option><option value=\"Versand &amp; Lieferung\" >Versand &amp; Lieferung<\/option><option value=\"Technisches Problem mit dem Onlineshop\" >Technisches Problem mit dem Onlineshop<\/option><option value=\"Anfrage zu Rechnung\" >Anfrage zu Rechnung<\/option><option value=\"Produktanfrage oder Beratung\" >Produktanfrage oder Beratung<\/option><option value=\"Termin anfrage\" >Termin anfrage<\/option><\/select><\/div><div id=\"wpforms-115912-field_3-container\" class=\"wpforms-field wpforms-field-textarea\" data-field-id=\"3\"><label class=\"wpforms-field-label\" for=\"wpforms-115912-field_3\">Nachricht<\/label><textarea id=\"wpforms-115912-field_3\" class=\"wpforms-field-medium\" name=\"wpforms[fields][3]\" aria-errormessage=\"wpforms-115912-field_3-error\" ><\/textarea><\/div><script>\n\t\t\t\t( function() {\n\t\t\t\t\tconst style = document.createElement( 'style' );\n\t\t\t\t\tstyle.appendChild( document.createTextNode( '#wpforms-115912-field_4-container { position: absolute !important; overflow: hidden !important; display: inline !important; height: 1px !important; width: 1px !important; z-index: -1000 !important; padding: 0 !important; } #wpforms-115912-field_4-container input { visibility: hidden; } #wpforms-conversational-form-page #wpforms-115912-field_4-container label { counter-increment: none; }' ) );\n\t\t\t\t\tdocument.head.appendChild( style );\n\t\t\t\t\tdocument.currentScript?.remove();\n\t\t\t\t} )();\n\t\t\t<\/script><\/div><!-- .wpforms-field-container --><div class=\"wpforms-recaptcha-container wpforms-is-recaptcha wpforms-is-recaptcha-type-v2\" ><div class=\"g-recaptcha\" data-sitekey=\"6LffcwYqAAAAANDJStvJYX3S5qSbbP27lgzPhwMi\"><\/div><input type=\"text\" name=\"g-recaptcha-hidden\" class=\"wpforms-recaptcha-hidden\" style=\"position:absolute!important;clip:rect(0,0,0,0)!important;height:1px!important;width:1px!important;border:0!important;overflow:hidden!important;padding:0!important;margin:0!important;\" data-rule-recaptcha=\"1\"><\/div><div class=\"wpforms-submit-container\" ><input type=\"hidden\" name=\"wpforms[id]\" value=\"115912\"><input type=\"hidden\" name=\"page_title\" value=\"\"><input type=\"hidden\" name=\"page_url\" value=\"https:\/\/capellisport.eu\/de\/wp-json\/wp\/v2\/pages\/116278\"><input type=\"hidden\" name=\"url_referer\" value=\"\"><button type=\"submit\" name=\"wpforms[submit]\" id=\"wpforms-submit-115912\" class=\"wpforms-submit\" data-alt-text=\"Wird gesendet\u00a0\u2026\" data-submit-text=\"Absenden\" aria-live=\"assertive\" value=\"wpforms-submit\">Absenden<\/button><img loading=\"lazy\" decoding=\"async\" src=\"https:\/\/capellisport.eu\/wp-content\/plugins\/wpforms-lite\/assets\/images\/submit-spin.svg\" class=\"wpforms-submit-spinner\" style=\"display: none;\" width=\"26\" height=\"26\" alt=\"Wird geladen\"><\/div><\/form><\/div>  <!-- .wpforms-container -->[\/vc_column][\/vc_row]<\/p>\n<\/div>","protected":false},"excerpt":{"rendered":"<p>[vc_row][vc_column][vc_single_image image=&#8220;78630&#8243; alignment=&#8220;center&#8220;][\/vc_column][\/vc_row][vc_row][vc_column][vc_column_text] KONTAKTIERE UNS Falls Sie Unterst\u00fctzung bei einer Bestellung ben\u00f6tigen, weitere Informationen zu einem Produkt suchen oder eine allgemeine Anfrage haben, f\u00fcllen Sie bitte dieses Formular aus. Unser Kundenservice-Team wird sich so schnell wie m\u00f6glich mit Ihnen in Verbindung setzen. Bitte geben Sie uns die zugeh\u00f6rige Auftrags- oder Rechnungsnummer an, wenn Sie uns &hellip; <\/p>\n<p class=\"link-more\"><a href=\"https:\/\/capellisport.eu\/de\/kontaktieren-sie-unseren-kundenservice\/\" class=\"more-link\"><span class=\"screen-reader-text\">\u201eKontaktieren Sie unseren Kundenservice\u201c<\/span> weiterlesen<\/a><\/p>\n","protected":false},"author":2015,"featured_media":0,"parent":0,"menu_order":0,"comment_status":"closed","ping_status":"closed","template":"","meta":{"_acf_changed":false,"footnotes":""},"class_list":["post-116278","page","type-page","status-publish","hentry"],"acf":[],"yoast_head":"<!-- This site is optimized with the Yoast SEO plugin v25.4 - https:\/\/yoast.com\/wordpress\/plugins\/seo\/ -->\n<title>Kontaktieren Sie unseren Kundenservice - CAPELLI SPORT Europe<\/title>\n<meta name=\"description\" content=\"Kontaktieren Sie unseren Kundenservice\" \/>\n<meta name=\"robots\" content=\"index, follow, max-snippet:-1, max-image-preview:large, max-video-preview:-1\" \/>\n<link rel=\"canonical\" href=\"https:\/\/capellisport.eu\/de\/kontaktieren-sie-unseren-kundenservice\/\" \/>\n<meta property=\"og:locale\" content=\"de_DE\" \/>\n<meta property=\"og:type\" content=\"article\" \/>\n<meta property=\"og:title\" content=\"Kontaktieren Sie unseren Kundenservice - CAPELLI SPORT Europe\" \/>\n<meta property=\"og:description\" content=\"Kontaktieren Sie unseren Kundenservice\" \/>\n<meta property=\"og:url\" content=\"https:\/\/capellisport.eu\/de\/kontaktieren-sie-unseren-kundenservice\/\" \/>\n<meta property=\"og:site_name\" content=\"CAPELLI SPORT Europe\" \/>\n<meta property=\"article:modified_time\" content=\"2025-04-23T08:16:25+00:00\" \/>\n<meta name=\"twitter:card\" content=\"summary_large_image\" \/>\n<meta name=\"twitter:label1\" content=\"Gesch\u00e4tzte Lesezeit\" \/>\n\t<meta name=\"twitter:data1\" content=\"1\u00a0Minute\" \/>\n<script type=\"application\/ld+json\" class=\"yoast-schema-graph\">{\"@context\":\"https:\/\/schema.org\",\"@graph\":[{\"@type\":\"WebPage\",\"@id\":\"https:\/\/capellisport.eu\/de\/kontaktieren-sie-unseren-kundenservice\/\",\"url\":\"https:\/\/capellisport.eu\/de\/kontaktieren-sie-unseren-kundenservice\/\",\"name\":\"Kontaktieren Sie unseren Kundenservice - CAPELLI SPORT Europe\",\"isPartOf\":{\"@id\":\"https:\/\/capellisport.eu\/#website\"},\"datePublished\":\"2025-04-23T08:04:11+00:00\",\"dateModified\":\"2025-04-23T08:16:25+00:00\",\"description\":\"Kontaktieren Sie unseren Kundenservice\",\"breadcrumb\":{\"@id\":\"https:\/\/capellisport.eu\/de\/kontaktieren-sie-unseren-kundenservice\/#breadcrumb\"},\"inLanguage\":\"de\",\"potentialAction\":[{\"@type\":\"ReadAction\",\"target\":[\"https:\/\/capellisport.eu\/de\/kontaktieren-sie-unseren-kundenservice\/\"]}]},{\"@type\":\"BreadcrumbList\",\"@id\":\"https:\/\/capellisport.eu\/de\/kontaktieren-sie-unseren-kundenservice\/#breadcrumb\",\"itemListElement\":[{\"@type\":\"ListItem\",\"position\":1,\"name\":\"Home\",\"item\":\"https:\/\/capellisport.eu\/de\/frontpage\/\"},{\"@type\":\"ListItem\",\"position\":2,\"name\":\"Kontaktieren Sie unseren Kundenservice\"}]},{\"@type\":\"WebSite\",\"@id\":\"https:\/\/capellisport.eu\/#website\",\"url\":\"https:\/\/capellisport.eu\/\",\"name\":\"CAPELLI SPORT Europe\",\"description\":\"\",\"publisher\":{\"@id\":\"https:\/\/capellisport.eu\/#organization\"},\"potentialAction\":[{\"@type\":\"SearchAction\",\"target\":{\"@type\":\"EntryPoint\",\"urlTemplate\":\"https:\/\/capellisport.eu\/?s={search_term_string}\"},\"query-input\":{\"@type\":\"PropertyValueSpecification\",\"valueRequired\":true,\"valueName\":\"search_term_string\"}}],\"inLanguage\":\"de\"},{\"@type\":\"Organization\",\"@id\":\"https:\/\/capellisport.eu\/#organization\",\"name\":\"CAPELLI SPORT Europe\",\"url\":\"https:\/\/capellisport.eu\/\",\"logo\":{\"@type\":\"ImageObject\",\"inLanguage\":\"de\",\"@id\":\"https:\/\/capellisport.eu\/#\/schema\/logo\/image\/\",\"url\":\"https:\/\/capellisport.eu\/wp-content\/uploads\/2019\/08\/CAPELLI-SPORT_LOGO_schwarz-auf-weiss-01-scaled.jpg\",\"contentUrl\":\"https:\/\/capellisport.eu\/wp-content\/uploads\/2019\/08\/CAPELLI-SPORT_LOGO_schwarz-auf-weiss-01-scaled.jpg\",\"width\":2560,\"height\":1440,\"caption\":\"CAPELLI SPORT Europe\"},\"image\":{\"@id\":\"https:\/\/capellisport.eu\/#\/schema\/logo\/image\/\"}}]}<\/script>\n<!-- \/ Yoast SEO plugin. -->","yoast_head_json":{"title":"Kontaktieren Sie unseren Kundenservice - CAPELLI SPORT Europe","description":"Kontaktieren Sie unseren Kundenservice","robots":{"index":"index","follow":"follow","max-snippet":"max-snippet:-1","max-image-preview":"max-image-preview:large","max-video-preview":"max-video-preview:-1"},"canonical":"https:\/\/capellisport.eu\/de\/kontaktieren-sie-unseren-kundenservice\/","og_locale":"de_DE","og_type":"article","og_title":"Kontaktieren Sie unseren Kundenservice - CAPELLI SPORT Europe","og_description":"Kontaktieren Sie unseren Kundenservice","og_url":"https:\/\/capellisport.eu\/de\/kontaktieren-sie-unseren-kundenservice\/","og_site_name":"CAPELLI SPORT Europe","article_modified_time":"2025-04-23T08:16:25+00:00","twitter_card":"summary_large_image","twitter_misc":{"Gesch\u00e4tzte Lesezeit":"1\u00a0Minute"},"schema":{"@context":"https:\/\/schema.org","@graph":[{"@type":"WebPage","@id":"https:\/\/capellisport.eu\/de\/kontaktieren-sie-unseren-kundenservice\/","url":"https:\/\/capellisport.eu\/de\/kontaktieren-sie-unseren-kundenservice\/","name":"Kontaktieren Sie unseren Kundenservice - CAPELLI SPORT Europe","isPartOf":{"@id":"https:\/\/capellisport.eu\/#website"},"datePublished":"2025-04-23T08:04:11+00:00","dateModified":"2025-04-23T08:16:25+00:00","description":"Kontaktieren Sie unseren Kundenservice","breadcrumb":{"@id":"https:\/\/capellisport.eu\/de\/kontaktieren-sie-unseren-kundenservice\/#breadcrumb"},"inLanguage":"de","potentialAction":[{"@type":"ReadAction","target":["https:\/\/capellisport.eu\/de\/kontaktieren-sie-unseren-kundenservice\/"]}]},{"@type":"BreadcrumbList","@id":"https:\/\/capellisport.eu\/de\/kontaktieren-sie-unseren-kundenservice\/#breadcrumb","itemListElement":[{"@type":"ListItem","position":1,"name":"Home","item":"https:\/\/capellisport.eu\/de\/frontpage\/"},{"@type":"ListItem","position":2,"name":"Kontaktieren Sie unseren Kundenservice"}]},{"@type":"WebSite","@id":"https:\/\/capellisport.eu\/#website","url":"https:\/\/capellisport.eu\/","name":"CAPELLI SPORT Europe","description":"","publisher":{"@id":"https:\/\/capellisport.eu\/#organization"},"potentialAction":[{"@type":"SearchAction","target":{"@type":"EntryPoint","urlTemplate":"https:\/\/capellisport.eu\/?s={search_term_string}"},"query-input":{"@type":"PropertyValueSpecification","valueRequired":true,"valueName":"search_term_string"}}],"inLanguage":"de"},{"@type":"Organization","@id":"https:\/\/capellisport.eu\/#organization","name":"CAPELLI SPORT Europe","url":"https:\/\/capellisport.eu\/","logo":{"@type":"ImageObject","inLanguage":"de","@id":"https:\/\/capellisport.eu\/#\/schema\/logo\/image\/","url":"https:\/\/capellisport.eu\/wp-content\/uploads\/2019\/08\/CAPELLI-SPORT_LOGO_schwarz-auf-weiss-01-scaled.jpg","contentUrl":"https:\/\/capellisport.eu\/wp-content\/uploads\/2019\/08\/CAPELLI-SPORT_LOGO_schwarz-auf-weiss-01-scaled.jpg","width":2560,"height":1440,"caption":"CAPELLI SPORT Europe"},"image":{"@id":"https:\/\/capellisport.eu\/#\/schema\/logo\/image\/"}}]}},"_links":{"self":[{"href":"https:\/\/capellisport.eu\/de\/wp-json\/wp\/v2\/pages\/116278","targetHints":{"allow":["GET"]}}],"collection":[{"href":"https:\/\/capellisport.eu\/de\/wp-json\/wp\/v2\/pages"}],"about":[{"href":"https:\/\/capellisport.eu\/de\/wp-json\/wp\/v2\/types\/page"}],"author":[{"embeddable":true,"href":"https:\/\/capellisport.eu\/de\/wp-json\/wp\/v2\/users\/2015"}],"replies":[{"embeddable":true,"href":"https:\/\/capellisport.eu\/de\/wp-json\/wp\/v2\/comments?post=116278"}],"version-history":[{"count":12,"href":"https:\/\/capellisport.eu\/de\/wp-json\/wp\/v2\/pages\/116278\/revisions"}],"predecessor-version":[{"id":116292,"href":"https:\/\/capellisport.eu\/de\/wp-json\/wp\/v2\/pages\/116278\/revisions\/116292"}],"wp:attachment":[{"href":"https:\/\/capellisport.eu\/de\/wp-json\/wp\/v2\/media?parent=116278"}],"curies":[{"name":"wp","href":"https:\/\/api.w.org\/{rel}","templated":true}]}}