{"id":54573,"date":"2020-04-03T08:52:50","date_gmt":"2020-04-03T06:52:50","guid":{"rendered":"https:\/\/capellisport.eu\/?page_id=54573"},"modified":"2020-04-15T09:42:19","modified_gmt":"2020-04-15T07:42:19","slug":"about-us","status":"publish","type":"page","link":"https:\/\/capellisport.eu\/de\/about-us\/","title":{"rendered":"\u00dcber uns"},"content":{"rendered":"<div class=\"wpb-content-wrapper\"><p>[vc_row][vc_column][vc_column_text]<\/p>\n<h1>\u00dcber uns<\/h1>\n<p>[\/vc_column_text][vc_row_inner][vc_column_inner width=&#8220;1\/2&#8243;][vc_column_text]Wir sind ein international agierendes Unternehmen mit Ursprung und internationalen Hauptsitz in der Fashionmetropole New York. Gegr\u00fcndet 1990, und als Teil der GMA Group, entwickeln wir seit 2011 in enger Zusammenarbeit mit Spitzenathleten Sportkleidung, Accessoires und Equipment. Unsere Designexperten greifen auf \u00fcber 30 Jahre Textilerfahrung zur\u00fcck und verbinden Qualit\u00e4t und Funktionalit\u00e4t mit Lifestyle.<\/p>\n<p>Die Produktion findet fast ausschlie\u00dflich in eigenen Fabriken statt, welche gleichbleibend gute Qualit\u00e4t und Abwicklung erm\u00f6glichen. Angef\u00fchrt von der europ\u00e4ischen Zentrale in Ratingen, sind wir in bereits mehr als zwanzig L\u00e4ndern im Sportbereich Ausr\u00fcster von zahlreichen Vereinen. Vom Erstligisten bis hin zur Kreisliga verstehen wir uns als aktiver Partner f\u00fcr die jeweiligen Sportvereine. Neben der Ausr\u00fcstung bieten wir unseren Vereinen Zugang zu unserem Netzwerk an, welches zum Austausch von Talenten, Organisation von Trainingslagern und Turnieren helfen kann.[\/vc_column_text][\/vc_column_inner][vc_column_inner width=&#8220;1\/2&#8243;][vc_column_text]Durch den direkten Kontakt mit unseren Vereinskunden agieren wir schnell und zuverl\u00e4ssig. So auch \u00fcber unseren Onlineshop, welcher den Vereinen mit eigenem Zugang einen \u00fcbersichtlichen, umfangreichen und dennoch individuellen Kauf erm\u00f6glicht.\u00a0 Da wir unseren Vereinen das gesamte Paket anbieten m\u00f6chten, bieten wir auch die Bedruckung und Veredlung direkt bei uns im Haus an.<\/p>\n<p>Als erfahrener Hersteller setzen wir gern auf langfristige Partnerschaften und halten unter anderem auch Unternehmensanteile, wie beim MSV Duisburg (Deutschland), HB Koge (D\u00e4nemark 2.Liga), Panachaiki (Griechenland 2.Liga) Interallies (Ghana 1.Liga), Montego Bay United FC (Jamaica 1. Liga) und weiteren Akademien in Lima Peru und Accra in Ghana.[\/vc_column_text][\/vc_column_inner][\/vc_row_inner][\/vc_column][\/vc_row]<\/p>\n<\/div>","protected":false},"excerpt":{"rendered":"<p>[vc_row][vc_column][vc_column_text] \u00dcber uns [\/vc_column_text][vc_row_inner][vc_column_inner width=&#8220;1\/2&#8243;][vc_column_text]Wir sind ein international agierendes Unternehmen mit Ursprung und internationalen Hauptsitz in der Fashionmetropole New York. Gegr\u00fcndet 1990, und als Teil der GMA Group, entwickeln wir seit 2011 in enger Zusammenarbeit mit Spitzenathleten Sportkleidung, Accessoires und Equipment. Unsere Designexperten greifen auf \u00fcber 30 Jahre Textilerfahrung zur\u00fcck und verbinden Qualit\u00e4t und Funktionalit\u00e4t &hellip; <\/p>\n<p class=\"link-more\"><a href=\"https:\/\/capellisport.eu\/de\/about-us\/\" class=\"more-link\"><span class=\"screen-reader-text\">\u201e\u00dcber uns\u201c<\/span> weiterlesen<\/a><\/p>\n","protected":false},"author":9,"featured_media":0,"parent":0,"menu_order":0,"comment_status":"closed","ping_status":"closed","template":"","meta":{"_acf_changed":false,"footnotes":""},"class_list":["post-54573","page","type-page","status-publish","hentry"],"acf":[],"yoast_head":"<!-- This site is optimized with the Yoast SEO plugin v25.4 - https:\/\/yoast.com\/wordpress\/plugins\/seo\/ -->\n<title>\u00dcber uns - CAPELLI SPORT Europe<\/title>\n<meta name=\"robots\" content=\"index, follow, max-snippet:-1, max-image-preview:large, max-video-preview:-1\" \/>\n<link rel=\"canonical\" href=\"https:\/\/capellisport.eu\/de\/about-us\/\" \/>\n<meta property=\"og:locale\" content=\"de_DE\" \/>\n<meta property=\"og:type\" content=\"article\" \/>\n<meta property=\"og:title\" content=\"\u00dcber uns - CAPELLI SPORT Europe\" \/>\n<meta property=\"og:description\" content=\"[vc_row][vc_column][vc_column_text] \u00dcber uns [\/vc_column_text][vc_row_inner][vc_column_inner width=&#8220;1\/2&#8243;][vc_column_text]Wir sind ein international agierendes Unternehmen mit Ursprung und internationalen Hauptsitz in der Fashionmetropole New York. Gegr\u00fcndet 1990, und als Teil der GMA Group, entwickeln wir seit 2011 in enger Zusammenarbeit mit Spitzenathleten Sportkleidung, Accessoires und Equipment. Unsere Designexperten greifen auf \u00fcber 30 Jahre Textilerfahrung zur\u00fcck und verbinden Qualit\u00e4t und Funktionalit\u00e4t &hellip; \u201e\u00dcber uns\u201c weiterlesen\" \/>\n<meta property=\"og:url\" content=\"https:\/\/capellisport.eu\/de\/about-us\/\" \/>\n<meta property=\"og:site_name\" content=\"CAPELLI SPORT Europe\" \/>\n<meta property=\"article:modified_time\" content=\"2020-04-15T07:42:19+00:00\" \/>\n<meta name=\"twitter:card\" content=\"summary_large_image\" \/>\n<meta name=\"twitter:label1\" content=\"Gesch\u00e4tzte Lesezeit\" \/>\n\t<meta name=\"twitter:data1\" content=\"1\u00a0Minute\" \/>\n<script type=\"application\/ld+json\" class=\"yoast-schema-graph\">{\"@context\":\"https:\/\/schema.org\",\"@graph\":[{\"@type\":\"WebPage\",\"@id\":\"https:\/\/capellisport.eu\/de\/about-us\/\",\"url\":\"https:\/\/capellisport.eu\/de\/about-us\/\",\"name\":\"\u00dcber uns - CAPELLI SPORT Europe\",\"isPartOf\":{\"@id\":\"https:\/\/capellisport.eu\/#website\"},\"datePublished\":\"2020-04-03T06:52:50+00:00\",\"dateModified\":\"2020-04-15T07:42:19+00:00\",\"breadcrumb\":{\"@id\":\"https:\/\/capellisport.eu\/de\/about-us\/#breadcrumb\"},\"inLanguage\":\"de\",\"potentialAction\":[{\"@type\":\"ReadAction\",\"target\":[\"https:\/\/capellisport.eu\/de\/about-us\/\"]}]},{\"@type\":\"BreadcrumbList\",\"@id\":\"https:\/\/capellisport.eu\/de\/about-us\/#breadcrumb\",\"itemListElement\":[{\"@type\":\"ListItem\",\"position\":1,\"name\":\"Home\",\"item\":\"https:\/\/capellisport.eu\/de\/frontpage\/\"},{\"@type\":\"ListItem\",\"position\":2,\"name\":\"\u00dcber uns\"}]},{\"@type\":\"WebSite\",\"@id\":\"https:\/\/capellisport.eu\/#website\",\"url\":\"https:\/\/capellisport.eu\/\",\"name\":\"CAPELLI SPORT Europe\",\"description\":\"\",\"publisher\":{\"@id\":\"https:\/\/capellisport.eu\/#organization\"},\"potentialAction\":[{\"@type\":\"SearchAction\",\"target\":{\"@type\":\"EntryPoint\",\"urlTemplate\":\"https:\/\/capellisport.eu\/?s={search_term_string}\"},\"query-input\":{\"@type\":\"PropertyValueSpecification\",\"valueRequired\":true,\"valueName\":\"search_term_string\"}}],\"inLanguage\":\"de\"},{\"@type\":\"Organization\",\"@id\":\"https:\/\/capellisport.eu\/#organization\",\"name\":\"CAPELLI SPORT Europe\",\"url\":\"https:\/\/capellisport.eu\/\",\"logo\":{\"@type\":\"ImageObject\",\"inLanguage\":\"de\",\"@id\":\"https:\/\/capellisport.eu\/#\/schema\/logo\/image\/\",\"url\":\"https:\/\/capellisport.eu\/wp-content\/uploads\/2019\/08\/CAPELLI-SPORT_LOGO_schwarz-auf-weiss-01-scaled.jpg\",\"contentUrl\":\"https:\/\/capellisport.eu\/wp-content\/uploads\/2019\/08\/CAPELLI-SPORT_LOGO_schwarz-auf-weiss-01-scaled.jpg\",\"width\":2560,\"height\":1440,\"caption\":\"CAPELLI SPORT Europe\"},\"image\":{\"@id\":\"https:\/\/capellisport.eu\/#\/schema\/logo\/image\/\"}}]}<\/script>\n<!-- \/ Yoast SEO plugin. -->","yoast_head_json":{"title":"\u00dcber uns - CAPELLI SPORT Europe","robots":{"index":"index","follow":"follow","max-snippet":"max-snippet:-1","max-image-preview":"max-image-preview:large","max-video-preview":"max-video-preview:-1"},"canonical":"https:\/\/capellisport.eu\/de\/about-us\/","og_locale":"de_DE","og_type":"article","og_title":"\u00dcber uns - CAPELLI SPORT Europe","og_description":"[vc_row][vc_column][vc_column_text] \u00dcber uns [\/vc_column_text][vc_row_inner][vc_column_inner width=&#8220;1\/2&#8243;][vc_column_text]Wir sind ein international agierendes Unternehmen mit Ursprung und internationalen Hauptsitz in der Fashionmetropole New York. Gegr\u00fcndet 1990, und als Teil der GMA Group, entwickeln wir seit 2011 in enger Zusammenarbeit mit Spitzenathleten Sportkleidung, Accessoires und Equipment. Unsere Designexperten greifen auf \u00fcber 30 Jahre Textilerfahrung zur\u00fcck und verbinden Qualit\u00e4t und Funktionalit\u00e4t &hellip; \u201e\u00dcber uns\u201c weiterlesen","og_url":"https:\/\/capellisport.eu\/de\/about-us\/","og_site_name":"CAPELLI SPORT Europe","article_modified_time":"2020-04-15T07:42:19+00:00","twitter_card":"summary_large_image","twitter_misc":{"Gesch\u00e4tzte Lesezeit":"1\u00a0Minute"},"schema":{"@context":"https:\/\/schema.org","@graph":[{"@type":"WebPage","@id":"https:\/\/capellisport.eu\/de\/about-us\/","url":"https:\/\/capellisport.eu\/de\/about-us\/","name":"\u00dcber uns - CAPELLI SPORT Europe","isPartOf":{"@id":"https:\/\/capellisport.eu\/#website"},"datePublished":"2020-04-03T06:52:50+00:00","dateModified":"2020-04-15T07:42:19+00:00","breadcrumb":{"@id":"https:\/\/capellisport.eu\/de\/about-us\/#breadcrumb"},"inLanguage":"de","potentialAction":[{"@type":"ReadAction","target":["https:\/\/capellisport.eu\/de\/about-us\/"]}]},{"@type":"BreadcrumbList","@id":"https:\/\/capellisport.eu\/de\/about-us\/#breadcrumb","itemListElement":[{"@type":"ListItem","position":1,"name":"Home","item":"https:\/\/capellisport.eu\/de\/frontpage\/"},{"@type":"ListItem","position":2,"name":"\u00dcber uns"}]},{"@type":"WebSite","@id":"https:\/\/capellisport.eu\/#website","url":"https:\/\/capellisport.eu\/","name":"CAPELLI SPORT Europe","description":"","publisher":{"@id":"https:\/\/capellisport.eu\/#organization"},"potentialAction":[{"@type":"SearchAction","target":{"@type":"EntryPoint","urlTemplate":"https:\/\/capellisport.eu\/?s={search_term_string}"},"query-input":{"@type":"PropertyValueSpecification","valueRequired":true,"valueName":"search_term_string"}}],"inLanguage":"de"},{"@type":"Organization","@id":"https:\/\/capellisport.eu\/#organization","name":"CAPELLI SPORT Europe","url":"https:\/\/capellisport.eu\/","logo":{"@type":"ImageObject","inLanguage":"de","@id":"https:\/\/capellisport.eu\/#\/schema\/logo\/image\/","url":"https:\/\/capellisport.eu\/wp-content\/uploads\/2019\/08\/CAPELLI-SPORT_LOGO_schwarz-auf-weiss-01-scaled.jpg","contentUrl":"https:\/\/capellisport.eu\/wp-content\/uploads\/2019\/08\/CAPELLI-SPORT_LOGO_schwarz-auf-weiss-01-scaled.jpg","width":2560,"height":1440,"caption":"CAPELLI SPORT Europe"},"image":{"@id":"https:\/\/capellisport.eu\/#\/schema\/logo\/image\/"}}]}},"_links":{"self":[{"href":"https:\/\/capellisport.eu\/de\/wp-json\/wp\/v2\/pages\/54573","targetHints":{"allow":["GET"]}}],"collection":[{"href":"https:\/\/capellisport.eu\/de\/wp-json\/wp\/v2\/pages"}],"about":[{"href":"https:\/\/capellisport.eu\/de\/wp-json\/wp\/v2\/types\/page"}],"author":[{"embeddable":true,"href":"https:\/\/capellisport.eu\/de\/wp-json\/wp\/v2\/users\/9"}],"replies":[{"embeddable":true,"href":"https:\/\/capellisport.eu\/de\/wp-json\/wp\/v2\/comments?post=54573"}],"version-history":[{"count":2,"href":"https:\/\/capellisport.eu\/de\/wp-json\/wp\/v2\/pages\/54573\/revisions"}],"predecessor-version":[{"id":55259,"href":"https:\/\/capellisport.eu\/de\/wp-json\/wp\/v2\/pages\/54573\/revisions\/55259"}],"wp:attachment":[{"href":"https:\/\/capellisport.eu\/de\/wp-json\/wp\/v2\/media?parent=54573"}],"curies":[{"name":"wp","href":"https:\/\/api.w.org\/{rel}","templated":true}]}}