{"id":54588,"date":"2020-04-15T09:42:42","date_gmt":"2020-04-15T07:42:42","guid":{"rendered":"https:\/\/capellisport.eu\/?page_id=54588"},"modified":"2023-09-21T16:32:10","modified_gmt":"2023-09-21T14:32:10","slug":"impressum","status":"publish","type":"page","link":"https:\/\/capellisport.eu\/de\/impressum\/","title":{"rendered":"Impressum"},"content":{"rendered":"<p><strong>Impressum<\/strong><\/p>\n<p><strong>Capelli Europe GmbH<\/strong><\/p>\n<p>Elisabethstr. 17<br \/>\n40880 Ratingen<br \/>\nDeutschland<\/p>\n<p>Telefon: +49-2102-4349-0<\/p>\n<p>Fax: +49-2102-4349-116<\/p>\n<p>Mail: onlineCSP@capellieurope.com<\/p>\n<p>Gesch\u00e4ftsf\u00fchrer: Nadim Moufarrej, George Altirs<\/p>\n<p>Handelsregister: Amtsgericht D\u00fcsseldorf, HRB 44074<\/p>\n<p>Umsatzsteuer-Identifikationsnummer: DE812719194<\/p>\n<p>Registrierungsnummer der EAR: WEEE-Reg.-Nr. DE 67986890<\/p>\n<p>Verantwortlich gem\u00e4\u00df \u00a7 55 RStV:<br \/>\nDario Mlodoch<br \/>\nElisabethstr. 17<br \/>\n40880 Ratingen<\/p>\n<p>Die Europ\u00e4ische Kommission stellt eine Plattform zur Online-Streitbeilegung (OS) bereit, die Sie hier finden <a href=\"https:\/\/ec.europa.eu\/consumers\/odr\/\" target=\"_blank\" rel=\"noopener noreferrer\">https:\/\/ec.europa.eu\/consumers\/odr\/<\/a>. Zur Teilnahme an einem Streitbeilegungsverfahren vor einer Verbraucherschlichtungsstelle sind wir nicht verpflichtet und nicht bereit.<br \/>\n[gzd_complaints]<\/p>\n","protected":false},"excerpt":{"rendered":"<p>Impressum Capelli Europe GmbH Elisabethstr. 17 40880 Ratingen Deutschland Telefon: +49-2102-4349-0 Fax: +49-2102-4349-116 Mail: onlineCSP@capellieurope.com Gesch\u00e4ftsf\u00fchrer: Nadim Moufarrej, George Altirs Handelsregister: Amtsgericht D\u00fcsseldorf, HRB 44074 Umsatzsteuer-Identifikationsnummer: DE812719194 Registrierungsnummer der EAR: WEEE-Reg.-Nr. DE 67986890 Verantwortlich gem\u00e4\u00df \u00a7 55 RStV: Dario Mlodoch Elisabethstr. 17 40880 Ratingen Die Europ\u00e4ische Kommission stellt eine Plattform zur Online-Streitbeilegung (OS) bereit, die &hellip; <\/p>\n<p class=\"link-more\"><a href=\"https:\/\/capellisport.eu\/de\/impressum\/\" class=\"more-link\"><span class=\"screen-reader-text\">\u201eImpressum\u201c<\/span> weiterlesen<\/a><\/p>\n","protected":false},"author":9,"featured_media":0,"parent":0,"menu_order":0,"comment_status":"closed","ping_status":"closed","template":"","meta":{"_acf_changed":false,"footnotes":""},"class_list":["post-54588","page","type-page","status-publish","hentry"],"acf":[],"yoast_head":"<!-- This site is optimized with the Yoast SEO plugin v25.4 - https:\/\/yoast.com\/wordpress\/plugins\/seo\/ -->\n<title>Impressum - CAPELLI SPORT Europe<\/title>\n<meta name=\"robots\" content=\"index, follow, max-snippet:-1, max-image-preview:large, max-video-preview:-1\" \/>\n<link rel=\"canonical\" href=\"https:\/\/capellisport.eu\/de\/impressum\/\" \/>\n<meta property=\"og:locale\" content=\"de_DE\" \/>\n<meta property=\"og:type\" content=\"article\" \/>\n<meta property=\"og:title\" content=\"Impressum - CAPELLI SPORT Europe\" \/>\n<meta property=\"og:description\" content=\"Impressum Capelli Europe GmbH Elisabethstr. 17 40880 Ratingen Deutschland Telefon: +49-2102-4349-0 Fax: +49-2102-4349-116 Mail: onlineCSP@capellieurope.com Gesch\u00e4ftsf\u00fchrer: Nadim Moufarrej, George Altirs Handelsregister: Amtsgericht D\u00fcsseldorf, HRB 44074 Umsatzsteuer-Identifikationsnummer: DE812719194 Registrierungsnummer der EAR: WEEE-Reg.-Nr. DE 67986890 Verantwortlich gem\u00e4\u00df \u00a7 55 RStV: Dario Mlodoch Elisabethstr. 17 40880 Ratingen Die Europ\u00e4ische Kommission stellt eine Plattform zur Online-Streitbeilegung (OS) bereit, die &hellip; \u201eImpressum\u201c weiterlesen\" \/>\n<meta property=\"og:url\" content=\"https:\/\/capellisport.eu\/de\/impressum\/\" \/>\n<meta property=\"og:site_name\" content=\"CAPELLI SPORT Europe\" \/>\n<meta property=\"article:modified_time\" content=\"2023-09-21T14:32:10+00:00\" \/>\n<meta name=\"twitter:card\" content=\"summary_large_image\" \/>\n<script type=\"application\/ld+json\" class=\"yoast-schema-graph\">{\"@context\":\"https:\/\/schema.org\",\"@graph\":[{\"@type\":\"WebPage\",\"@id\":\"https:\/\/capellisport.eu\/de\/impressum\/\",\"url\":\"https:\/\/capellisport.eu\/de\/impressum\/\",\"name\":\"Impressum - CAPELLI SPORT Europe\",\"isPartOf\":{\"@id\":\"https:\/\/capellisport.eu\/#website\"},\"datePublished\":\"2020-04-15T07:42:42+00:00\",\"dateModified\":\"2023-09-21T14:32:10+00:00\",\"breadcrumb\":{\"@id\":\"https:\/\/capellisport.eu\/de\/impressum\/#breadcrumb\"},\"inLanguage\":\"de\",\"potentialAction\":[{\"@type\":\"ReadAction\",\"target\":[\"https:\/\/capellisport.eu\/de\/impressum\/\"]}]},{\"@type\":\"BreadcrumbList\",\"@id\":\"https:\/\/capellisport.eu\/de\/impressum\/#breadcrumb\",\"itemListElement\":[{\"@type\":\"ListItem\",\"position\":1,\"name\":\"Home\",\"item\":\"https:\/\/capellisport.eu\/de\/frontpage\/\"},{\"@type\":\"ListItem\",\"position\":2,\"name\":\"Impressum\"}]},{\"@type\":\"WebSite\",\"@id\":\"https:\/\/capellisport.eu\/#website\",\"url\":\"https:\/\/capellisport.eu\/\",\"name\":\"CAPELLI SPORT Europe\",\"description\":\"\",\"publisher\":{\"@id\":\"https:\/\/capellisport.eu\/#organization\"},\"potentialAction\":[{\"@type\":\"SearchAction\",\"target\":{\"@type\":\"EntryPoint\",\"urlTemplate\":\"https:\/\/capellisport.eu\/?s={search_term_string}\"},\"query-input\":{\"@type\":\"PropertyValueSpecification\",\"valueRequired\":true,\"valueName\":\"search_term_string\"}}],\"inLanguage\":\"de\"},{\"@type\":\"Organization\",\"@id\":\"https:\/\/capellisport.eu\/#organization\",\"name\":\"CAPELLI SPORT Europe\",\"url\":\"https:\/\/capellisport.eu\/\",\"logo\":{\"@type\":\"ImageObject\",\"inLanguage\":\"de\",\"@id\":\"https:\/\/capellisport.eu\/#\/schema\/logo\/image\/\",\"url\":\"https:\/\/capellisport.eu\/wp-content\/uploads\/2019\/08\/CAPELLI-SPORT_LOGO_schwarz-auf-weiss-01-scaled.jpg\",\"contentUrl\":\"https:\/\/capellisport.eu\/wp-content\/uploads\/2019\/08\/CAPELLI-SPORT_LOGO_schwarz-auf-weiss-01-scaled.jpg\",\"width\":2560,\"height\":1440,\"caption\":\"CAPELLI SPORT Europe\"},\"image\":{\"@id\":\"https:\/\/capellisport.eu\/#\/schema\/logo\/image\/\"}}]}<\/script>\n<!-- \/ Yoast SEO plugin. -->","yoast_head_json":{"title":"Impressum - CAPELLI SPORT Europe","robots":{"index":"index","follow":"follow","max-snippet":"max-snippet:-1","max-image-preview":"max-image-preview:large","max-video-preview":"max-video-preview:-1"},"canonical":"https:\/\/capellisport.eu\/de\/impressum\/","og_locale":"de_DE","og_type":"article","og_title":"Impressum - CAPELLI SPORT Europe","og_description":"Impressum Capelli Europe GmbH Elisabethstr. 17 40880 Ratingen Deutschland Telefon: +49-2102-4349-0 Fax: +49-2102-4349-116 Mail: onlineCSP@capellieurope.com Gesch\u00e4ftsf\u00fchrer: Nadim Moufarrej, George Altirs Handelsregister: Amtsgericht D\u00fcsseldorf, HRB 44074 Umsatzsteuer-Identifikationsnummer: DE812719194 Registrierungsnummer der EAR: WEEE-Reg.-Nr. DE 67986890 Verantwortlich gem\u00e4\u00df \u00a7 55 RStV: Dario Mlodoch Elisabethstr. 17 40880 Ratingen Die Europ\u00e4ische Kommission stellt eine Plattform zur Online-Streitbeilegung (OS) bereit, die &hellip; \u201eImpressum\u201c weiterlesen","og_url":"https:\/\/capellisport.eu\/de\/impressum\/","og_site_name":"CAPELLI SPORT Europe","article_modified_time":"2023-09-21T14:32:10+00:00","twitter_card":"summary_large_image","schema":{"@context":"https:\/\/schema.org","@graph":[{"@type":"WebPage","@id":"https:\/\/capellisport.eu\/de\/impressum\/","url":"https:\/\/capellisport.eu\/de\/impressum\/","name":"Impressum - CAPELLI SPORT Europe","isPartOf":{"@id":"https:\/\/capellisport.eu\/#website"},"datePublished":"2020-04-15T07:42:42+00:00","dateModified":"2023-09-21T14:32:10+00:00","breadcrumb":{"@id":"https:\/\/capellisport.eu\/de\/impressum\/#breadcrumb"},"inLanguage":"de","potentialAction":[{"@type":"ReadAction","target":["https:\/\/capellisport.eu\/de\/impressum\/"]}]},{"@type":"BreadcrumbList","@id":"https:\/\/capellisport.eu\/de\/impressum\/#breadcrumb","itemListElement":[{"@type":"ListItem","position":1,"name":"Home","item":"https:\/\/capellisport.eu\/de\/frontpage\/"},{"@type":"ListItem","position":2,"name":"Impressum"}]},{"@type":"WebSite","@id":"https:\/\/capellisport.eu\/#website","url":"https:\/\/capellisport.eu\/","name":"CAPELLI SPORT Europe","description":"","publisher":{"@id":"https:\/\/capellisport.eu\/#organization"},"potentialAction":[{"@type":"SearchAction","target":{"@type":"EntryPoint","urlTemplate":"https:\/\/capellisport.eu\/?s={search_term_string}"},"query-input":{"@type":"PropertyValueSpecification","valueRequired":true,"valueName":"search_term_string"}}],"inLanguage":"de"},{"@type":"Organization","@id":"https:\/\/capellisport.eu\/#organization","name":"CAPELLI SPORT Europe","url":"https:\/\/capellisport.eu\/","logo":{"@type":"ImageObject","inLanguage":"de","@id":"https:\/\/capellisport.eu\/#\/schema\/logo\/image\/","url":"https:\/\/capellisport.eu\/wp-content\/uploads\/2019\/08\/CAPELLI-SPORT_LOGO_schwarz-auf-weiss-01-scaled.jpg","contentUrl":"https:\/\/capellisport.eu\/wp-content\/uploads\/2019\/08\/CAPELLI-SPORT_LOGO_schwarz-auf-weiss-01-scaled.jpg","width":2560,"height":1440,"caption":"CAPELLI SPORT Europe"},"image":{"@id":"https:\/\/capellisport.eu\/#\/schema\/logo\/image\/"}}]}},"_links":{"self":[{"href":"https:\/\/capellisport.eu\/de\/wp-json\/wp\/v2\/pages\/54588","targetHints":{"allow":["GET"]}}],"collection":[{"href":"https:\/\/capellisport.eu\/de\/wp-json\/wp\/v2\/pages"}],"about":[{"href":"https:\/\/capellisport.eu\/de\/wp-json\/wp\/v2\/types\/page"}],"author":[{"embeddable":true,"href":"https:\/\/capellisport.eu\/de\/wp-json\/wp\/v2\/users\/9"}],"replies":[{"embeddable":true,"href":"https:\/\/capellisport.eu\/de\/wp-json\/wp\/v2\/comments?post=54588"}],"version-history":[{"count":3,"href":"https:\/\/capellisport.eu\/de\/wp-json\/wp\/v2\/pages\/54588\/revisions"}],"predecessor-version":[{"id":92425,"href":"https:\/\/capellisport.eu\/de\/wp-json\/wp\/v2\/pages\/54588\/revisions\/92425"}],"wp:attachment":[{"href":"https:\/\/capellisport.eu\/de\/wp-json\/wp\/v2\/media?parent=54588"}],"curies":[{"name":"wp","href":"https:\/\/api.w.org\/{rel}","templated":true}]}}