{"id":55185,"date":"2019-07-15T12:00:18","date_gmt":"2019-07-15T10:00:18","guid":{"rendered":"https:\/\/capellisport.eu\/cancellation-terms\/"},"modified":"2024-07-01T12:12:18","modified_gmt":"2024-07-01T10:12:18","slug":"cancellation-terms","status":"publish","type":"page","link":"https:\/\/capellisport.eu\/de\/cancellation-terms\/","title":{"rendered":"Stornierungsbedingungen"},"content":{"rendered":"<p><strong>Widerrufsbelehrung<\/strong><\/p>\n<p><strong>Widerrufsrecht<\/strong><\/p>\n<p>Sie haben das Recht, binnen vierzehn Tagen ohne Angabe von Gr\u00fcnden diesen Vertrag zu widerrufen. Die Widerrufsfrist betr\u00e4gt vierzehn Tage ab dem Tag, an dem Sie oder ein von Ihnen benannter Dritter, der nicht der Bef\u00f6rderer ist, die Waren in Besitz genommen haben bzw. hat.<\/p>\n<p>Um Ihr Widerrufsrecht auszu\u00fcben, m\u00fcssen Sie uns (Capelli Europe GmbH Elisabethstr. 17, 40880, Ratingen, returns@capellisport.eu Tel 02102-4349490, Fax 02102-4349111) mittels einer eindeutigen Erkl\u00e4rung (z. B. ein mit der Post versandter Brief, Telefax oder E-Mail) \u00fcber Ihren Entschluss, diesen Vertrag zu widerrufen, informieren. Sie k\u00f6nnen daf\u00fcr das beigef\u00fcgte Muster-Widerrufsformular verwenden, das jedoch nicht vorgeschrieben ist.<\/p>\n<p>Zur Wahrung der Widerrufsfrist reicht es aus, dass Sie die Mitteilung \u00fcber die Aus\u00fcbung des Widerrufsrechts vor Ablauf der Widerrufsfrist absenden.<\/p>\n<p><strong>Folgen des Widerrufs<\/strong><\/p>\n<p>Wenn Sie diesen Vertrag widerrufen, haben wir Ihnen alle Zahlungen, die wir von Ihnen erhalten haben, einschlie\u00dflich der Lieferkosten (mit Ausnahme der zus\u00e4tzlichen Kosten, die sich daraus ergeben, dass Sie eine andere Art der Lieferung als die von uns angebotene, g\u00fcnstigste Standardlieferung gew\u00e4hlt haben), unverz\u00fcglich und sp\u00e4testens binnen vierzehn Tagen ab dem Tag zur\u00fcckzuzahlen, an dem die Mitteilung \u00fcber Ihren Widerruf dieses Vertrags bei uns eingegangen ist. F\u00fcr diese R\u00fcckzahlung verwenden wir dasselbe Zahlungsmittel, das Sie bei der urspr\u00fcnglichen Transaktion eingesetzt haben, es sei denn, mit Ihnen wurde ausdr\u00fccklich etwas anderes vereinbart; in keinem Fall werden Ihnen wegen dieser R\u00fcckzahlung Entgelte berechnet.<\/p>\n<p>Wir holen die Waren ab. Wir tragen die Kosten der R\u00fccksendung der Waren. Sie m\u00fcssen f\u00fcr einen etwaigen Wertverlust der Waren nur aufkommen, wenn dieser Wertverlust auf einen zur Pr\u00fcfung der Beschaffenheit, Eigenschaften und Funktionsweise der Waren nicht notwendigen Umgang mit Ihnen zur\u00fcckzuf\u00fchren ist.<\/p>\n<p>&nbsp;<\/p>\n<p><strong>Allgemeine Hinweise<\/strong><\/p>\n<ol>\n<li>Bitte vermeiden Sie Besch\u00e4digungen und Verunreinigungen der Ware. Senden Sie die Ware bitte m\u00f6glichst in Originalverpackung mit s\u00e4mtlichem Zubeh\u00f6r und mit allen Verpackungsbestandteilen an uns zur\u00fcck. Verwenden Sie ggf. eine sch\u00fctzende Umverpackung. Wenn Sie die Originalverpackung nicht mehr besitzen, sorgen Sie bitte mit einer geeigneten Verpackung f\u00fcr einen ausreichenden Schutz vor Transportsch\u00e4den.<\/li>\n<\/ol>\n<p>Ware die speziell f\u00fcr sie bearbeitet wurde, ist vom Umtausch ausgeschlossen!<\/p>\n<ol start=\"2\">\n<li>Bitte verwenden Sie f\u00fcr die kostenlose R\u00fccksendung ausschliesslich den der Sendung beiliegenden R\u00fccksendeaufkleber. Sollte dieser fehlen m\u00f6chten wir Sie bitten Ihre R\u00fccksendungen vorab bei uns anzumelden, per E-Mail oder telefonisch.<\/li>\n<li>Bitte beachten Sie, dass die vorgenannten Ziffern 1-2 nicht Voraussetzung f\u00fcr die wirksame Aus\u00fcbung des Widerrufs sind.<\/li>\n<\/ol>\n<p>&nbsp;<\/p>\n<p><strong>Freiwilliges R\u00fcckgaberecht<\/strong><\/p>\n<p><strong>Freiwilliges R\u00fcckgaberecht bis zu 30 Tage nach Warenerhalt<\/strong><br \/>\nF\u00fcr alle Eink\u00e4ufe gew\u00e4hren wir Ihnen neben dem gesetzlichen Widerrufsrecht ein freiwilliges R\u00fcckgaberecht von insgesamt 30 Tagen ab Warenerhalt. Mit diesem R\u00fcckgaberecht k\u00f6nnen Sie sich auch nach Ablauf der 14-t\u00e4gigen Widerrufsfrist (siehe Widerrufsbelehrung oben) vom Vertrag l\u00f6sen, indem Sie die Ware innerhalb von 30 Tagen nach deren Erhalt (Fristbeginn am Tag nach Warenerhalt) an uns, und zwar konkret an die am Ende dieses Abschnitts genannte Adresse, zur\u00fccksenden. Die rechtzeitige Absendung reicht zur Fristwahrung aus. Voraussetzung f\u00fcr die Aus\u00fcbung des freiwilligen R\u00fcckgaberechts ist jedoch, dass Sie die Ware lediglich zur Anprobe, wie in einem Ladengesch\u00e4ft, getragen\/ausprobiert haben und die Ware vollst\u00e4ndig, in ihrem urspr\u00fcnglichen Zustand unversehrt und ohne Besch\u00e4digung in der Originalverkaufsverpackung zur\u00fcckschicken. Im Fall der R\u00fccksendung k\u00f6nnen Sie den der Bestellung beigelegten Retourenaufkleber verwenden. Sollte der R\u00fccksendeaufkleber nicht mehr vorliegen, wenden Sie sich bitte an unseren Kundenservice. Das freiwillige R\u00fcckgaberecht besteht nicht f\u00fcr den Kauf von Geschenkgutscheinen.<\/p>\n<p><strong>Bitte senden Sie Artikel an:<\/strong><br \/>\nCapelli Sport<br \/>\ncapellisport.eu<br \/>\nVorster Stra\u00dfe 48<br \/>\n41748 Viersen<\/p>\n<p>F\u00fcr die R\u00fcckzahlung bei Aus\u00fcbung des freiwilligen R\u00fcckgaberechts verwenden wir dasselbe Zahlungsmittel, das Sie bei der urspr\u00fcnglichen Transaktion eingesetzt haben, es sei denn, mit Ihnen wurde ausdr\u00fccklich etwas anderes vereinbart; in keinem Fall werden Ihnen wegen dieser R\u00fcckzahlung Entgelte berechnet.<\/p>\n<p><strong>Ihr gesetzliches Widerrufsrecht wird von der Einhaltung unserer Regeln zum erg\u00e4nzenden vertraglich einger\u00e4umten (freiwilligen) R\u00fcckgaberecht nicht ber\u00fchrt und bleibt unabh\u00e4ngig hiervon bestehen. Bis zum Ablauf der Frist f\u00fcr das gesetzliche Widerrufsrecht gelten ausschlie\u00dflich die dort aufgef\u00fchrten gesetzlichen Bedingungen. Das vertraglich einger\u00e4umte (freiwillige) R\u00fcckgaberecht beschr\u00e4nkt zudem nicht Ihre gesetzlichen Gew\u00e4hrleistungsrechte, die Ihnen uneingeschr\u00e4nkt erhalten bleiben.<\/strong><\/p>\n","protected":false},"excerpt":{"rendered":"<p>Widerrufsbelehrung Widerrufsrecht Sie haben das Recht, binnen vierzehn Tagen ohne Angabe von Gr\u00fcnden diesen Vertrag zu widerrufen. Die Widerrufsfrist betr\u00e4gt vierzehn Tage ab dem Tag, an dem Sie oder ein von Ihnen benannter Dritter, der nicht der Bef\u00f6rderer ist, die Waren in Besitz genommen haben bzw. hat. Um Ihr Widerrufsrecht auszu\u00fcben, m\u00fcssen Sie uns (Capelli &hellip; <\/p>\n<p class=\"link-more\"><a href=\"https:\/\/capellisport.eu\/de\/cancellation-terms\/\" class=\"more-link\"><span class=\"screen-reader-text\">\u201eStornierungsbedingungen\u201c<\/span> weiterlesen<\/a><\/p>\n","protected":false},"author":1,"featured_media":0,"parent":0,"menu_order":0,"comment_status":"closed","ping_status":"closed","template":"","meta":{"_acf_changed":false,"footnotes":""},"class_list":["post-55185","page","type-page","status-publish","hentry"],"acf":[],"yoast_head":"<!-- This site is optimized with the Yoast SEO plugin v25.4 - https:\/\/yoast.com\/wordpress\/plugins\/seo\/ -->\n<title>Stornierungsbedingungen - CAPELLI SPORT Europe<\/title>\n<meta name=\"robots\" content=\"index, follow, max-snippet:-1, max-image-preview:large, max-video-preview:-1\" \/>\n<link rel=\"canonical\" href=\"https:\/\/capellisport.eu\/de\/cancellation-terms\/\" \/>\n<meta property=\"og:locale\" content=\"de_DE\" \/>\n<meta property=\"og:type\" content=\"article\" \/>\n<meta property=\"og:title\" content=\"Stornierungsbedingungen - CAPELLI SPORT Europe\" \/>\n<meta property=\"og:description\" content=\"Widerrufsbelehrung Widerrufsrecht Sie haben das Recht, binnen vierzehn Tagen ohne Angabe von Gr\u00fcnden diesen Vertrag zu widerrufen. Die Widerrufsfrist betr\u00e4gt vierzehn Tage ab dem Tag, an dem Sie oder ein von Ihnen benannter Dritter, der nicht der Bef\u00f6rderer ist, die Waren in Besitz genommen haben bzw. hat. Um Ihr Widerrufsrecht auszu\u00fcben, m\u00fcssen Sie uns (Capelli &hellip; \u201eStornierungsbedingungen\u201c weiterlesen\" \/>\n<meta property=\"og:url\" content=\"https:\/\/capellisport.eu\/de\/cancellation-terms\/\" \/>\n<meta property=\"og:site_name\" content=\"CAPELLI SPORT Europe\" \/>\n<meta property=\"article:modified_time\" content=\"2024-07-01T10:12:18+00:00\" \/>\n<meta name=\"twitter:card\" content=\"summary_large_image\" \/>\n<meta name=\"twitter:label1\" content=\"Gesch\u00e4tzte Lesezeit\" \/>\n\t<meta name=\"twitter:data1\" content=\"4\u00a0Minuten\" \/>\n<script type=\"application\/ld+json\" class=\"yoast-schema-graph\">{\"@context\":\"https:\/\/schema.org\",\"@graph\":[{\"@type\":\"WebPage\",\"@id\":\"https:\/\/capellisport.eu\/de\/cancellation-terms\/\",\"url\":\"https:\/\/capellisport.eu\/de\/cancellation-terms\/\",\"name\":\"Stornierungsbedingungen - CAPELLI SPORT Europe\",\"isPartOf\":{\"@id\":\"https:\/\/capellisport.eu\/#website\"},\"datePublished\":\"2019-07-15T10:00:18+00:00\",\"dateModified\":\"2024-07-01T10:12:18+00:00\",\"breadcrumb\":{\"@id\":\"https:\/\/capellisport.eu\/de\/cancellation-terms\/#breadcrumb\"},\"inLanguage\":\"de\",\"potentialAction\":[{\"@type\":\"ReadAction\",\"target\":[\"https:\/\/capellisport.eu\/de\/cancellation-terms\/\"]}]},{\"@type\":\"BreadcrumbList\",\"@id\":\"https:\/\/capellisport.eu\/de\/cancellation-terms\/#breadcrumb\",\"itemListElement\":[{\"@type\":\"ListItem\",\"position\":1,\"name\":\"Home\",\"item\":\"https:\/\/capellisport.eu\/de\/frontpage\/\"},{\"@type\":\"ListItem\",\"position\":2,\"name\":\"Stornierungsbedingungen\"}]},{\"@type\":\"WebSite\",\"@id\":\"https:\/\/capellisport.eu\/#website\",\"url\":\"https:\/\/capellisport.eu\/\",\"name\":\"CAPELLI SPORT Europe\",\"description\":\"\",\"publisher\":{\"@id\":\"https:\/\/capellisport.eu\/#organization\"},\"potentialAction\":[{\"@type\":\"SearchAction\",\"target\":{\"@type\":\"EntryPoint\",\"urlTemplate\":\"https:\/\/capellisport.eu\/?s={search_term_string}\"},\"query-input\":{\"@type\":\"PropertyValueSpecification\",\"valueRequired\":true,\"valueName\":\"search_term_string\"}}],\"inLanguage\":\"de\"},{\"@type\":\"Organization\",\"@id\":\"https:\/\/capellisport.eu\/#organization\",\"name\":\"CAPELLI SPORT Europe\",\"url\":\"https:\/\/capellisport.eu\/\",\"logo\":{\"@type\":\"ImageObject\",\"inLanguage\":\"de\",\"@id\":\"https:\/\/capellisport.eu\/#\/schema\/logo\/image\/\",\"url\":\"https:\/\/capellisport.eu\/wp-content\/uploads\/2019\/08\/CAPELLI-SPORT_LOGO_schwarz-auf-weiss-01-scaled.jpg\",\"contentUrl\":\"https:\/\/capellisport.eu\/wp-content\/uploads\/2019\/08\/CAPELLI-SPORT_LOGO_schwarz-auf-weiss-01-scaled.jpg\",\"width\":2560,\"height\":1440,\"caption\":\"CAPELLI SPORT Europe\"},\"image\":{\"@id\":\"https:\/\/capellisport.eu\/#\/schema\/logo\/image\/\"}}]}<\/script>\n<!-- \/ Yoast SEO plugin. -->","yoast_head_json":{"title":"Stornierungsbedingungen - CAPELLI SPORT Europe","robots":{"index":"index","follow":"follow","max-snippet":"max-snippet:-1","max-image-preview":"max-image-preview:large","max-video-preview":"max-video-preview:-1"},"canonical":"https:\/\/capellisport.eu\/de\/cancellation-terms\/","og_locale":"de_DE","og_type":"article","og_title":"Stornierungsbedingungen - CAPELLI SPORT Europe","og_description":"Widerrufsbelehrung Widerrufsrecht Sie haben das Recht, binnen vierzehn Tagen ohne Angabe von Gr\u00fcnden diesen Vertrag zu widerrufen. Die Widerrufsfrist betr\u00e4gt vierzehn Tage ab dem Tag, an dem Sie oder ein von Ihnen benannter Dritter, der nicht der Bef\u00f6rderer ist, die Waren in Besitz genommen haben bzw. hat. Um Ihr Widerrufsrecht auszu\u00fcben, m\u00fcssen Sie uns (Capelli &hellip; \u201eStornierungsbedingungen\u201c weiterlesen","og_url":"https:\/\/capellisport.eu\/de\/cancellation-terms\/","og_site_name":"CAPELLI SPORT Europe","article_modified_time":"2024-07-01T10:12:18+00:00","twitter_card":"summary_large_image","twitter_misc":{"Gesch\u00e4tzte Lesezeit":"4\u00a0Minuten"},"schema":{"@context":"https:\/\/schema.org","@graph":[{"@type":"WebPage","@id":"https:\/\/capellisport.eu\/de\/cancellation-terms\/","url":"https:\/\/capellisport.eu\/de\/cancellation-terms\/","name":"Stornierungsbedingungen - CAPELLI SPORT Europe","isPartOf":{"@id":"https:\/\/capellisport.eu\/#website"},"datePublished":"2019-07-15T10:00:18+00:00","dateModified":"2024-07-01T10:12:18+00:00","breadcrumb":{"@id":"https:\/\/capellisport.eu\/de\/cancellation-terms\/#breadcrumb"},"inLanguage":"de","potentialAction":[{"@type":"ReadAction","target":["https:\/\/capellisport.eu\/de\/cancellation-terms\/"]}]},{"@type":"BreadcrumbList","@id":"https:\/\/capellisport.eu\/de\/cancellation-terms\/#breadcrumb","itemListElement":[{"@type":"ListItem","position":1,"name":"Home","item":"https:\/\/capellisport.eu\/de\/frontpage\/"},{"@type":"ListItem","position":2,"name":"Stornierungsbedingungen"}]},{"@type":"WebSite","@id":"https:\/\/capellisport.eu\/#website","url":"https:\/\/capellisport.eu\/","name":"CAPELLI SPORT Europe","description":"","publisher":{"@id":"https:\/\/capellisport.eu\/#organization"},"potentialAction":[{"@type":"SearchAction","target":{"@type":"EntryPoint","urlTemplate":"https:\/\/capellisport.eu\/?s={search_term_string}"},"query-input":{"@type":"PropertyValueSpecification","valueRequired":true,"valueName":"search_term_string"}}],"inLanguage":"de"},{"@type":"Organization","@id":"https:\/\/capellisport.eu\/#organization","name":"CAPELLI SPORT Europe","url":"https:\/\/capellisport.eu\/","logo":{"@type":"ImageObject","inLanguage":"de","@id":"https:\/\/capellisport.eu\/#\/schema\/logo\/image\/","url":"https:\/\/capellisport.eu\/wp-content\/uploads\/2019\/08\/CAPELLI-SPORT_LOGO_schwarz-auf-weiss-01-scaled.jpg","contentUrl":"https:\/\/capellisport.eu\/wp-content\/uploads\/2019\/08\/CAPELLI-SPORT_LOGO_schwarz-auf-weiss-01-scaled.jpg","width":2560,"height":1440,"caption":"CAPELLI SPORT Europe"},"image":{"@id":"https:\/\/capellisport.eu\/#\/schema\/logo\/image\/"}}]}},"_links":{"self":[{"href":"https:\/\/capellisport.eu\/de\/wp-json\/wp\/v2\/pages\/55185","targetHints":{"allow":["GET"]}}],"collection":[{"href":"https:\/\/capellisport.eu\/de\/wp-json\/wp\/v2\/pages"}],"about":[{"href":"https:\/\/capellisport.eu\/de\/wp-json\/wp\/v2\/types\/page"}],"author":[{"embeddable":true,"href":"https:\/\/capellisport.eu\/de\/wp-json\/wp\/v2\/users\/1"}],"replies":[{"embeddable":true,"href":"https:\/\/capellisport.eu\/de\/wp-json\/wp\/v2\/comments?post=55185"}],"version-history":[{"count":5,"href":"https:\/\/capellisport.eu\/de\/wp-json\/wp\/v2\/pages\/55185\/revisions"}],"predecessor-version":[{"id":105206,"href":"https:\/\/capellisport.eu\/de\/wp-json\/wp\/v2\/pages\/55185\/revisions\/105206"}],"wp:attachment":[{"href":"https:\/\/capellisport.eu\/de\/wp-json\/wp\/v2\/media?parent=55185"}],"curies":[{"name":"wp","href":"https:\/\/api.w.org\/{rel}","templated":true}]}}