{"id":55189,"date":"2019-07-15T11:58:01","date_gmt":"2019-07-15T09:58:01","guid":{"rendered":"https:\/\/capellisport.eu\/gtc\/"},"modified":"2020-04-15T11:05:25","modified_gmt":"2020-04-15T09:05:25","slug":"gtc","status":"publish","type":"page","link":"https:\/\/capellisport.eu\/de\/gtc\/","title":{"rendered":"Allgemeine Gesch\u00e4ftsbedingungen"},"content":{"rendered":"<p><strong>Allgemeine Gesch\u00e4ftsbedingungen<\/strong><\/p>\n<p>Stand: 12.07.2019<\/p>\n<p><strong>Geltungsbereich<\/strong><\/p>\n<p>F\u00fcr alle Bestellungen \u00fcber unseren Online-Shop gelten die nachfolgenden AGB.<\/p>\n<p><strong>Vertragspartner, Vertragsschluss<\/strong><\/p>\n<p>Der Kaufvertrag kommt zustande mit Capelli Europe GmbH<\/p>\n<p>Die Darstellung der Produkte im Online-Shop stellt kein rechtlich bindendes Angebot, sondern einen unverbindlichen Online-Katalog dar. Durch Anklicken des Bestellbuttons geben Sie eine verbindliche Bestellung der im Warenkorb enthaltenen Waren ab. Die Best\u00e4tigung des Eingangs der Bestellung erfolgt zusammen mit der Annahme der Bestellung unmittelbar nach dem Absenden durch eine automatisierte E-Mail. Mit dieser E-Mail-Best\u00e4tigung ist der Kaufvertrag zustande gekommen.<\/p>\n<p>Ein bindender Vertrag kann auch bereits zuvor wie folgt zustande kommen:<\/p>\n<ul>\n<li>Wenn Sie die Zahlungsart PayPal gew\u00e4hlt haben, kommt der Vertrag zum Zeitpunkt Ihrer Best\u00e4tigung der Zahlungsanweisung an PayPal zustande.<\/li>\n<li>Wenn Sie die Zahlungsart Sofort\u00fcberweisung gew\u00e4hlt haben, kommt der Vertrag zum Zeitpunkt der Best\u00e4tigung der Zahlungsanweisung an die SOFORT AG zustande.<\/li>\n<li>Wenn Sie die Zahlungsart Click and Buy gew\u00e4hlt haben, kommt der Vertrag zum Zeitpunkt der Best\u00e4tigung der Zahlungsanweisung an Click and Buy zustande.<\/li>\n<\/ul>\n<p><strong>Verhaltenskodex<\/strong><br \/>\nFolgenden Verhaltenskodizes haben wir uns unterworfen:<br \/>\nQualit\u00e4tskriterien von Trusted Shops<br \/>\nhttp:\/\/www.trustedshops.de\/shopbetreiber\/qualitaetskriterien.html<\/p>\n<p><strong>Versandkosten<\/strong><br \/>\nZuz\u00fcglich zu den angegebenen Produktpreisen kommen noch Versandkosten hinzu. N\u00e4heres zur H\u00f6he der Versandkosten erfahren Sie bei den Angeboten.<\/p>\n<p><strong>Bezahlung<\/strong><br \/>\nIn unserem Shop stehen Ihnen die folgenden Zahlungsarten zur Verf\u00fcgung:<\/p>\n<ol>\n<li><strong>Vorkasse<\/strong><br \/>\nBei Auswahl der Zahlungsart Vorkasse nennen wir Ihnen unsere Bankverbindung in der Auftragsbest\u00e4tigung und liefern die Ware nach Zahlungseingang.<\/li>\n<li><strong>Nachnahme<\/strong><br \/>\nBei Auswahl der Zahlungsart Nachnahme fallen zzgl. 4 Euro als Kosten an. Zus\u00e4tzlich sind 2 Euro direkt an den Zusteller zu entrichten.<\/li>\n<li><strong>Kreditkarte<\/strong><br \/>\nDie Belastung Ihrer Kreditkarte erfolgt zu dem Zeitpunkt, zu dem wir die Ware an Sie versenden.<\/li>\n<li><strong>Paypal<\/strong><br \/>\nSie bezahlen den Rechnungsbetrag \u00fcber den Online-Anbieter Paypal. Sie m\u00fcssen grunds\u00e4tzlich dort registriert sein bzw. sich erst registrieren, mit Ihren Zugangsdaten legitimieren und die Zahlungsanweisung an uns best\u00e4tigen (Ausnahme ggf. Gastzugang). Weitere Hinweise erhalten Sie beim Bestellvorgang.<\/li>\n<li><strong>Sofort\u00fcberweisung<\/strong><br \/>\nWir bieten auch sofort\u00fcberweisung an. Dabei erhalten wir die \u00dcberweisungsgutschrift unmittelbar. Hierdurch beschleunigt sich der gesamte Bestellvorgang. Sie ben\u00f6tigen hierf\u00fcr lediglich Kontonummer, Bankleitzahl, PIN und TAN. \u00dcber das gesicherte, f\u00fcr H\u00e4ndler nicht zug\u00e4ngliche Zahlformular der Sofort AG stellt sofort\u00fcberweisung automatisiert und in Echtzeit eine \u00dcberweisung in Ihrem Online-Bankkonto ein. Der Kaufbetrag wird dabei sofort und direkt an das Bankkonto des H\u00e4ndlers \u00fcberwiesen. Bei Wahl der Zahlungsart sofort\u00fcberweisung \u00f6ffnet sich am Ende des Bestellvorgangs ein vorausgef\u00fclltes Formular. Dieses enth\u00e4lt bereits unsere Bankverbindung. Dar\u00fcber hinaus werden in dem Formular bereits der \u00dcberweisungsbetrag und der Verwendungszweck angezeigt. Sie m\u00fcssen nun das Land ausw\u00e4hlen, in dem Sie Ihr Online-Banking-Konto haben und die Bankleitzahl eingeben. Dann geben Sie die gleichen Daten, wie bei Anmeldung zum Online-Banking ein (Kontonummer und PIN). Best\u00e4tigen Sie Ihre Bestellung durch Eingabe der TAN. Direkt im Anschluss erhalten Sie die Transaktion best\u00e4tigt. Grunds\u00e4tzlich kann jeder Internetnutzer die sofort\u00fcberweisung als Zahlungsart nutzen, wenn er \u00fcber ein freigeschaltetes Online-Banking-Konto mit PIN\/TAN-Verfahren verf\u00fcgt. Bitte beachten Sie, dass bei einigen wenigen Banken die Sofort\u00fcberweisung noch nicht verf\u00fcgbar ist. N\u00e4here Informationen, ob Ihre Bank diesen Dienst unterst\u00fctzt erhalten Sie hier: https:\/\/www.sofort.com\/ger-DE\/general\/fuer-kaeufer\/fragen-und-antworten\/<\/li>\n<li><strong>Klarna<\/strong><br \/>\nSie bezahlen den Rechnungsbetrag \u00fcber den Online-Anbieter ClickandBuy. Sie m\u00fcssen dort registriert sein bzw. sich erst registrieren, mit Ihren Zugangsdaten legitimieren und die Zahlungsanweisung an uns best\u00e4tigen. Weitere Hinweise, wie Sie zur Seite des Zahlungsanbieters kommen, erhalten Sie beim Bestellvorgang.<\/li>\n<li><strong>Selbstabholung<\/strong><br \/>\nSie haben grunds\u00e4tzlich die M\u00f6glichkeit der Abholung bei Capelli Europe GmbH., Elisabethstr. 17, 40880 Ratingen, Deutschland zu den nachfolgend angegebenen Gesch\u00e4ftszeiten: Mo-Fr von 09:00h-1700h.<\/li>\n<\/ol>\n<p><strong>Eigentumsvorbehalt\u00a0<\/strong><br \/>\nDie Ware bleibt bis zur vollst\u00e4ndigen Bezahlung unser Eigentum.<\/p>\n<p><strong>Transportsch\u00e4den<\/strong><br \/>\nWerden Waren mit offensichtlichen Transportsch\u00e4den angeliefert, so reklamieren Sie solche Fehler bitte m\u00f6glichst sofort beim Zusteller und nehmen Sie bitte unverz\u00fcglich Kontakt zu uns auf. Die Vers\u00e4umung einer Reklamation oder Kontaktaufnahme hat f\u00fcr Ihre gesetzlichen Anspr\u00fcche und deren Durchsetzung, insbesondere Ihre Gew\u00e4hrleistungsrechte keinerlei Konsequenzen. Sie helfen uns aber, unsere eigenen Anspr\u00fcche gegen\u00fcber dem Frachtf\u00fchrer bzw. Transportversicherung geltend machen zu k\u00f6nnen.<\/p>\n<p><strong>Kundendienst<\/strong><br \/>\nSie erreichen unseren Kundendienst telefonisch unter 02102-4349490 Mo-Fr von 09:00h-17:00h oder per Email unter europe@capellisport.com<\/p>\n<p><strong>Vertragstextspeicherung<\/strong><br \/>\nWir speichern den Vertragstext und senden Ihnen die Bestelldaten und unsere AGB per E-Mail zu. Die AGB k\u00f6nnen Sie jederzeit auch hier auf dieser Seite einsehen und herunterladen. Ihre vergangenen Bestellungen k\u00f6nnen Sie in unserem Kunden-Login einsehen.<\/p>\n<p><strong>Vertragssprache<\/strong><br \/>\nDie f\u00fcr den Vertragsschluss zur Verf\u00fcgung stehende Sprache ist Deutsch.<\/p>\n","protected":false},"excerpt":{"rendered":"<p>Allgemeine Gesch\u00e4ftsbedingungen Stand: 12.07.2019 Geltungsbereich F\u00fcr alle Bestellungen \u00fcber unseren Online-Shop gelten die nachfolgenden AGB. Vertragspartner, Vertragsschluss Der Kaufvertrag kommt zustande mit Capelli Europe GmbH Die Darstellung der Produkte im Online-Shop stellt kein rechtlich bindendes Angebot, sondern einen unverbindlichen Online-Katalog dar. Durch Anklicken des Bestellbuttons geben Sie eine verbindliche Bestellung der im Warenkorb enthaltenen Waren &hellip; <\/p>\n<p class=\"link-more\"><a href=\"https:\/\/capellisport.eu\/de\/gtc\/\" class=\"more-link\"><span class=\"screen-reader-text\">\u201eAllgemeine Gesch\u00e4ftsbedingungen\u201c<\/span> weiterlesen<\/a><\/p>\n","protected":false},"author":1,"featured_media":0,"parent":0,"menu_order":0,"comment_status":"closed","ping_status":"closed","template":"","meta":{"_acf_changed":false,"footnotes":""},"class_list":["post-55189","page","type-page","status-publish","hentry"],"acf":[],"yoast_head":"<!-- This site is optimized with the Yoast SEO plugin v25.4 - https:\/\/yoast.com\/wordpress\/plugins\/seo\/ -->\n<title>Allgemeine Gesch\u00e4ftsbedingungen - CAPELLI SPORT Europe<\/title>\n<meta name=\"robots\" content=\"index, follow, max-snippet:-1, max-image-preview:large, max-video-preview:-1\" \/>\n<link rel=\"canonical\" href=\"https:\/\/capellisport.eu\/de\/gtc\/\" \/>\n<meta property=\"og:locale\" content=\"de_DE\" \/>\n<meta property=\"og:type\" content=\"article\" \/>\n<meta property=\"og:title\" content=\"Allgemeine Gesch\u00e4ftsbedingungen - CAPELLI SPORT Europe\" \/>\n<meta property=\"og:description\" content=\"Allgemeine Gesch\u00e4ftsbedingungen Stand: 12.07.2019 Geltungsbereich F\u00fcr alle Bestellungen \u00fcber unseren Online-Shop gelten die nachfolgenden AGB. Vertragspartner, Vertragsschluss Der Kaufvertrag kommt zustande mit Capelli Europe GmbH Die Darstellung der Produkte im Online-Shop stellt kein rechtlich bindendes Angebot, sondern einen unverbindlichen Online-Katalog dar. Durch Anklicken des Bestellbuttons geben Sie eine verbindliche Bestellung der im Warenkorb enthaltenen Waren &hellip; \u201eAllgemeine Gesch\u00e4ftsbedingungen\u201c weiterlesen\" \/>\n<meta property=\"og:url\" content=\"https:\/\/capellisport.eu\/de\/gtc\/\" \/>\n<meta property=\"og:site_name\" content=\"CAPELLI SPORT Europe\" \/>\n<meta property=\"article:modified_time\" content=\"2020-04-15T09:05:25+00:00\" \/>\n<meta name=\"twitter:card\" content=\"summary_large_image\" \/>\n<meta name=\"twitter:label1\" content=\"Gesch\u00e4tzte Lesezeit\" \/>\n\t<meta name=\"twitter:data1\" content=\"4\u00a0Minuten\" \/>\n<script type=\"application\/ld+json\" class=\"yoast-schema-graph\">{\"@context\":\"https:\/\/schema.org\",\"@graph\":[{\"@type\":\"WebPage\",\"@id\":\"https:\/\/capellisport.eu\/de\/gtc\/\",\"url\":\"https:\/\/capellisport.eu\/de\/gtc\/\",\"name\":\"Allgemeine Gesch\u00e4ftsbedingungen - CAPELLI SPORT Europe\",\"isPartOf\":{\"@id\":\"https:\/\/capellisport.eu\/#website\"},\"datePublished\":\"2019-07-15T09:58:01+00:00\",\"dateModified\":\"2020-04-15T09:05:25+00:00\",\"breadcrumb\":{\"@id\":\"https:\/\/capellisport.eu\/de\/gtc\/#breadcrumb\"},\"inLanguage\":\"de\",\"potentialAction\":[{\"@type\":\"ReadAction\",\"target\":[\"https:\/\/capellisport.eu\/de\/gtc\/\"]}]},{\"@type\":\"BreadcrumbList\",\"@id\":\"https:\/\/capellisport.eu\/de\/gtc\/#breadcrumb\",\"itemListElement\":[{\"@type\":\"ListItem\",\"position\":1,\"name\":\"Home\",\"item\":\"https:\/\/capellisport.eu\/de\/frontpage\/\"},{\"@type\":\"ListItem\",\"position\":2,\"name\":\"Allgemeine Gesch\u00e4ftsbedingungen\"}]},{\"@type\":\"WebSite\",\"@id\":\"https:\/\/capellisport.eu\/#website\",\"url\":\"https:\/\/capellisport.eu\/\",\"name\":\"CAPELLI SPORT Europe\",\"description\":\"\",\"publisher\":{\"@id\":\"https:\/\/capellisport.eu\/#organization\"},\"potentialAction\":[{\"@type\":\"SearchAction\",\"target\":{\"@type\":\"EntryPoint\",\"urlTemplate\":\"https:\/\/capellisport.eu\/?s={search_term_string}\"},\"query-input\":{\"@type\":\"PropertyValueSpecification\",\"valueRequired\":true,\"valueName\":\"search_term_string\"}}],\"inLanguage\":\"de\"},{\"@type\":\"Organization\",\"@id\":\"https:\/\/capellisport.eu\/#organization\",\"name\":\"CAPELLI SPORT Europe\",\"url\":\"https:\/\/capellisport.eu\/\",\"logo\":{\"@type\":\"ImageObject\",\"inLanguage\":\"de\",\"@id\":\"https:\/\/capellisport.eu\/#\/schema\/logo\/image\/\",\"url\":\"https:\/\/capellisport.eu\/wp-content\/uploads\/2019\/08\/CAPELLI-SPORT_LOGO_schwarz-auf-weiss-01-scaled.jpg\",\"contentUrl\":\"https:\/\/capellisport.eu\/wp-content\/uploads\/2019\/08\/CAPELLI-SPORT_LOGO_schwarz-auf-weiss-01-scaled.jpg\",\"width\":2560,\"height\":1440,\"caption\":\"CAPELLI SPORT Europe\"},\"image\":{\"@id\":\"https:\/\/capellisport.eu\/#\/schema\/logo\/image\/\"}}]}<\/script>\n<!-- \/ Yoast SEO plugin. -->","yoast_head_json":{"title":"Allgemeine Gesch\u00e4ftsbedingungen - CAPELLI SPORT Europe","robots":{"index":"index","follow":"follow","max-snippet":"max-snippet:-1","max-image-preview":"max-image-preview:large","max-video-preview":"max-video-preview:-1"},"canonical":"https:\/\/capellisport.eu\/de\/gtc\/","og_locale":"de_DE","og_type":"article","og_title":"Allgemeine Gesch\u00e4ftsbedingungen - CAPELLI SPORT Europe","og_description":"Allgemeine Gesch\u00e4ftsbedingungen Stand: 12.07.2019 Geltungsbereich F\u00fcr alle Bestellungen \u00fcber unseren Online-Shop gelten die nachfolgenden AGB. Vertragspartner, Vertragsschluss Der Kaufvertrag kommt zustande mit Capelli Europe GmbH Die Darstellung der Produkte im Online-Shop stellt kein rechtlich bindendes Angebot, sondern einen unverbindlichen Online-Katalog dar. Durch Anklicken des Bestellbuttons geben Sie eine verbindliche Bestellung der im Warenkorb enthaltenen Waren &hellip; \u201eAllgemeine Gesch\u00e4ftsbedingungen\u201c weiterlesen","og_url":"https:\/\/capellisport.eu\/de\/gtc\/","og_site_name":"CAPELLI SPORT Europe","article_modified_time":"2020-04-15T09:05:25+00:00","twitter_card":"summary_large_image","twitter_misc":{"Gesch\u00e4tzte Lesezeit":"4\u00a0Minuten"},"schema":{"@context":"https:\/\/schema.org","@graph":[{"@type":"WebPage","@id":"https:\/\/capellisport.eu\/de\/gtc\/","url":"https:\/\/capellisport.eu\/de\/gtc\/","name":"Allgemeine Gesch\u00e4ftsbedingungen - CAPELLI SPORT Europe","isPartOf":{"@id":"https:\/\/capellisport.eu\/#website"},"datePublished":"2019-07-15T09:58:01+00:00","dateModified":"2020-04-15T09:05:25+00:00","breadcrumb":{"@id":"https:\/\/capellisport.eu\/de\/gtc\/#breadcrumb"},"inLanguage":"de","potentialAction":[{"@type":"ReadAction","target":["https:\/\/capellisport.eu\/de\/gtc\/"]}]},{"@type":"BreadcrumbList","@id":"https:\/\/capellisport.eu\/de\/gtc\/#breadcrumb","itemListElement":[{"@type":"ListItem","position":1,"name":"Home","item":"https:\/\/capellisport.eu\/de\/frontpage\/"},{"@type":"ListItem","position":2,"name":"Allgemeine Gesch\u00e4ftsbedingungen"}]},{"@type":"WebSite","@id":"https:\/\/capellisport.eu\/#website","url":"https:\/\/capellisport.eu\/","name":"CAPELLI SPORT Europe","description":"","publisher":{"@id":"https:\/\/capellisport.eu\/#organization"},"potentialAction":[{"@type":"SearchAction","target":{"@type":"EntryPoint","urlTemplate":"https:\/\/capellisport.eu\/?s={search_term_string}"},"query-input":{"@type":"PropertyValueSpecification","valueRequired":true,"valueName":"search_term_string"}}],"inLanguage":"de"},{"@type":"Organization","@id":"https:\/\/capellisport.eu\/#organization","name":"CAPELLI SPORT Europe","url":"https:\/\/capellisport.eu\/","logo":{"@type":"ImageObject","inLanguage":"de","@id":"https:\/\/capellisport.eu\/#\/schema\/logo\/image\/","url":"https:\/\/capellisport.eu\/wp-content\/uploads\/2019\/08\/CAPELLI-SPORT_LOGO_schwarz-auf-weiss-01-scaled.jpg","contentUrl":"https:\/\/capellisport.eu\/wp-content\/uploads\/2019\/08\/CAPELLI-SPORT_LOGO_schwarz-auf-weiss-01-scaled.jpg","width":2560,"height":1440,"caption":"CAPELLI SPORT Europe"},"image":{"@id":"https:\/\/capellisport.eu\/#\/schema\/logo\/image\/"}}]}},"_links":{"self":[{"href":"https:\/\/capellisport.eu\/de\/wp-json\/wp\/v2\/pages\/55189","targetHints":{"allow":["GET"]}}],"collection":[{"href":"https:\/\/capellisport.eu\/de\/wp-json\/wp\/v2\/pages"}],"about":[{"href":"https:\/\/capellisport.eu\/de\/wp-json\/wp\/v2\/types\/page"}],"author":[{"embeddable":true,"href":"https:\/\/capellisport.eu\/de\/wp-json\/wp\/v2\/users\/1"}],"replies":[{"embeddable":true,"href":"https:\/\/capellisport.eu\/de\/wp-json\/wp\/v2\/comments?post=55189"}],"version-history":[{"count":4,"href":"https:\/\/capellisport.eu\/de\/wp-json\/wp\/v2\/pages\/55189\/revisions"}],"predecessor-version":[{"id":55265,"href":"https:\/\/capellisport.eu\/de\/wp-json\/wp\/v2\/pages\/55189\/revisions\/55265"}],"wp:attachment":[{"href":"https:\/\/capellisport.eu\/de\/wp-json\/wp\/v2\/media?parent=55189"}],"curies":[{"name":"wp","href":"https:\/\/api.w.org\/{rel}","templated":true}]}}